{"id":5948,"date":"2021-11-28T05:44:06","date_gmt":"2021-11-28T05:44:06","guid":{"rendered":"https:\/\/nextiait.com\/?page_id=5948"},"modified":"2021-11-28T08:27:02","modified_gmt":"2021-11-28T08:27:02","slug":"telefonia-y-comunicaciones","status":"publish","type":"page","link":"https:\/\/nextiait.com\/index.php\/telefonia-y-comunicaciones\/","title":{"rendered":"Telefon\u00eda y comunicaciones"},"content":{"rendered":"<p>[vc_row][vc_column][vc_column_text css=&#8221;.vc_custom_1638078855977{padding-top: 10px !important;padding-right: 20px !important;padding-bottom: 10px !important;padding-left: 40px !important;}&#8221;]<\/p>\n<p style=\"font-size: 36px; text-align: center;\"><strong><span style=\"color: #003366;\">Telefon\u00eda y comunicaciones<\/span><\/strong><\/p>\n<p>[\/vc_column_text][vc_column_text css=&#8221;.vc_custom_1638080190775{padding-right: 140px !important;padding-left: 140px !important;}&#8221;]<\/p>\n<p style=\"text-align: justify;\"><span style=\"color: #003366; font-size: x-large;\">Reduce los costos de tu sistema de telefon\u00eda y aumenta la productividad de tus empleados con nuestras soluciones de telefon\u00eda PBX, IP y en la nube sin costosas membres\u00edas.<\/span><\/p>\n<p>[\/vc_column_text][\/vc_column][\/vc_row][vc_row content_width=&#8221;grid&#8221; content_aligment=&#8221;center&#8221; css=&#8221;.vc_custom_1638069526739{padding-top: 50px !important;padding-bottom: 15px !important;}&#8221;][vc_column width=&#8221;1\/4&#8243;][vc_single_image image=&#8221;5973&#8243; img_size=&#8221;&#8221; alignment=&#8221;center&#8221; css=&#8221;.vc_custom_1638082836832{padding-top: 60px !important;padding-bottom: 40px !important;}&#8221;][vc_empty_space height=&#8221;34px&#8221;][vc_column_text]<\/p>\n<h5>Casa u oficina inteligente<\/h5>\n<p>[\/vc_column_text][vc_empty_space height=&#8221;4px&#8221;][vc_column_text]<span style=\"color: #000000;\">Contamos con las mejores marcas en soluciones de video vigilancia de circuito cerrado de TV, CCTV.<\/span>[\/vc_column_text][vc_empty_space height=&#8221;31px&#8221;][\/vc_column][vc_column width=&#8221;1\/4&#8243;][vc_single_image image=&#8221;5962&#8243; img_size=&#8221;300&#215;200&#8243; alignment=&#8221;center&#8221;][vc_empty_space height=&#8221;34px&#8221;][vc_column_text]<\/p>\n<h5>Integraci\u00f3n de diferentes tecnolog\u00edas<\/h5>\n<p>[\/vc_column_text][vc_empty_space height=&#8221;4px&#8221;][vc_column_text]<span style=\"color: #000000;\">Diversidad en marcas y soluciones espec\u00edficas para cada necesidad.<\/span>[\/vc_column_text][vc_empty_space height=&#8221;31px&#8221;][\/vc_column][vc_column width=&#8221;1\/4&#8243;][vc_single_image image=&#8221;5967&#8243; img_size=&#8221;300&#215;200&#8243; alignment=&#8221;center&#8221;][vc_empty_space height=&#8221;34px&#8221;][vc_column_text]<\/p>\n<h5>Control presencial y remoto<\/h5>\n<p>[\/vc_column_text][vc_empty_space height=&#8221;4px&#8221;][vc_column_text]<span style=\"color: #000000;\">Configuraci\u00f3n de DVR y apps para monitorero remoto de tus c\u00e1maras.<\/span>[\/vc_column_text][vc_empty_space height=&#8221;31px&#8221;][\/vc_column][vc_column width=&#8221;1\/4&#8243;][vc_single_image image=&#8221;5969&#8243; img_size=&#8221;300&#215;200&#8243; alignment=&#8221;center&#8221;][vc_empty_space height=&#8221;34px&#8221;][vc_column_text]<\/p>\n<h5>Control presencial y remoto<\/h5>\n<p>[\/vc_column_text][vc_empty_space height=&#8221;4px&#8221;][vc_column_text]<span style=\"color: #000000;\">Configuraci\u00f3n de DVR y apps para monitorero remoto de tus c\u00e1maras.<\/span>[\/vc_column_text][vc_empty_space height=&#8221;31px&#8221;][\/vc_column][\/vc_row][vc_row][vc_column][qodef_separator position=&#8221;center&#8221; color=&#8221;#72abdc&#8221; border_style=&#8221;solid&#8221; width=&#8221;800&#8243; thickness=&#8221;3&#8243;][\/vc_column][\/vc_row][vc_row css=&#8221;.vc_custom_1638081564644{background-color: #f7f7f7 !important;}&#8221;][vc_column][vc_column_text css=&#8221;.vc_custom_1638080554900{padding-right: 140px !important;padding-left: 140px !important;}&#8221;]<\/p>\n<p style=\"text-align: justify;\"><span style=\"color: #003366; font-size: x-large;\">Disfruta de un conmutador de nivel empresarial, atiende a tus clientes y proveedores r\u00e1pidamente y re\u00fane a tu equipo con reuniones bajo demanda, todo en una interfaz intuitiva y f\u00e1cil de usar.<\/span><\/p>\n<p>[\/vc_column_text][\/vc_column][\/vc_row][vc_row content_width=&#8221;grid&#8221; css=&#8221;.vc_custom_1638081551660{padding-top: 20px !important;}&#8221;][vc_column][vc_column_text css=&#8221;.vc_custom_1637726509590{padding-top: 10px !important;}&#8221;]<\/p>\n<p style=\"font-size: 20px; text-align: justify;\"><strong><span style=\"color: #003366;\">Beneficios y modelo de gesti\u00f3n<\/span><\/strong><\/p>\n<p>[\/vc_column_text][qodef_separator position=&#8221;left&#8221; color=&#8221;#ffc72c&#8221; width=&#8221;480&#8243; thickness=&#8221;5&#8243;][\/vc_column][\/vc_row][vc_row content_width=&#8221;grid&#8221;][vc_column width=&#8221;1\/2&#8243;][vc_single_image image=&#8221;5957&#8243; img_size=&#8221;&#8221;][\/vc_column][vc_column width=&#8221;1\/2&#8243;][qodef_icon_list_item icon_pack=&#8221;font_awesome&#8221; fa_icon=&#8221;fa-check&#8221; icon_size=&#8221;20&#8243; icon_color=&#8221;#72abdc&#8221; title=&#8221;Funcionalidades de conmutador PBX de grado empresarial&#8221; title_size=&#8221;20&#8243; title_color=&#8221;#003366&#8243;][qodef_icon_list_item icon_pack=&#8221;font_awesome&#8221; fa_icon=&#8221;fa-check&#8221; icon_size=&#8221;20&#8243; icon_color=&#8221;#72abdc&#8221; title=&#8221;Libre de costosas licencias.&#8221; title_size=&#8221;20&#8243; title_color=&#8221;#003366&#8243;][qodef_icon_list_item icon_pack=&#8221;font_awesome&#8221; fa_icon=&#8221;fa-check&#8221; icon_size=&#8221;20&#8243; icon_color=&#8221;#72abdc&#8221; title=&#8221;Entorno de gesti\u00f3n web muy intuitivo.&#8221; title_size=&#8221;20&#8243; title_color=&#8221;#003366&#8243;][qodef_icon_list_item icon_pack=&#8221;font_awesome&#8221; fa_icon=&#8221;fa-check&#8221; icon_size=&#8221;20&#8243; icon_color=&#8221;#72abdc&#8221; title=&#8221;Funcionalidades en continuo desarrollo.&#8221; title_size=&#8221;20&#8243; title_color=&#8221;#003366&#8243;][qodef_icon_list_item icon_pack=&#8221;font_awesome&#8221; fa_icon=&#8221;fa-check&#8221; icon_size=&#8221;20&#8243; icon_color=&#8221;#72abdc&#8221; title=&#8221;Gran escalabilidad&#8221; title_size=&#8221;20&#8243; title_color=&#8221;#003366&#8243;][\/vc_column][\/vc_row][vc_row content_width=&#8221;grid&#8221; css=&#8221;.vc_custom_1638070718841{padding-top: 15px !important;padding-right: 25px !important;padding-left: 25px !important;}&#8221;][vc_column offset=&#8221;vc_col-lg-4 vc_col-md-4&#8243; css=&#8221;.vc_custom_1638070847276{padding-left: 90px !important;}&#8221;][qodef_icon_with_text icon_pack=&#8221;ion_icons&#8221; ion_icon=&#8221;ion-person&#8221; icon_position=&#8221;left&#8221; icon_type=&#8221;normal&#8221; icon_size=&#8221;qodef-icon-tiny&#8221; icon_animation=&#8221;&#8221; icon_margin=&#8221;0 0 10px 0&#8243; title=&#8221;Servicio y asesor\u00eda&#8221; title_tag=&#8221;h5&#8243; custom_icon_size=&#8221;38&#8243; icon_color=&#8221;#72abdc&#8221; icon_hover_color=&#8221;#1e73be&#8221; title_color=&#8221;#000000&#8243;][vc_empty_space height=&#8221;60px&#8221;][\/vc_column][vc_column offset=&#8221;vc_col-lg-4 vc_col-md-4&#8243; css=&#8221;.vc_custom_1638070892754{padding-left: 70px !important;}&#8221;][qodef_icon_with_text icon_pack=&#8221;font_elegant&#8221; fe_icon=&#8221;icon_tools&#8221; icon_position=&#8221;left&#8221; icon_type=&#8221;normal&#8221; icon_size=&#8221;qodef-icon-tiny&#8221; icon_animation=&#8221;&#8221; title=&#8221;P\u00f3lizas de mantenimiento&#8221; title_tag=&#8221;h5&#8243; custom_icon_size=&#8221;38&#8243; icon_color=&#8221;#72abdc&#8221; icon_hover_color=&#8221;#1e73be&#8221; title_color=&#8221;#000000&#8243; text_left_padding=&#8221;68&#8243;][vc_empty_space height=&#8221;60px&#8221;][\/vc_column][vc_column offset=&#8221;vc_col-lg-4 vc_col-md-4&#8243; css=&#8221;.vc_custom_1638070842039{padding-left: 90px !important;}&#8221;][qodef_icon_with_text icon_pack=&#8221;font_awesome&#8221; fa_icon=&#8221;fa-certificate&#8221; icon_position=&#8221;left&#8221; icon_type=&#8221;normal&#8221; icon_size=&#8221;qodef-icon-tiny&#8221; icon_animation=&#8221;&#8221; icon_margin=&#8221;5 20 10 0&#8243; title=&#8221;Marcas l\u00edderes&#8221; title_tag=&#8221;h5&#8243; custom_icon_size=&#8221;38&#8243; icon_color=&#8221;#72abdc&#8221; icon_hover_color=&#8221;#1e73be&#8221; title_color=&#8221;#000000&#8243; text_left_padding=&#8221;68&#8243;][vc_empty_space height=&#8221;60px&#8221;][\/vc_column][\/vc_row][vc_row row_type=&#8221;parallax&#8221; content_aligment=&#8221;center&#8221; full_screen_section_height=&#8221;no&#8221; css=&#8221;.vc_custom_1638051237552{padding-top: 25px !important;padding-bottom: 25px !important;background-color: #282d33 !important;}&#8221; el_id=&#8221;contactosd&#8221;][vc_column offset=&#8221;vc_col-md-12&#8243;][vc_column_text]<\/p>\n<p style=\"font-size: 32px; text-align: center;\"><span style=\"color: #ffffff;\"><strong>Queremos escucharte<\/strong><\/span><\/p>\n<p>[\/vc_column_text][\/vc_column][\/vc_row][vc_row css=&#8221;.vc_custom_1637728198921{background-color: #e2e2e2 !important;}&#8221;][vc_column width=&#8221;1\/2&#8243; css=&#8221;.vc_custom_1637728257115{padding-top: 50px !important;padding-right: 80px !important;padding-left: 80px !important;}&#8221;][vc_column_text]<\/p>\n<h3 style=\"text-align: center;\"><strong><span style=\"color: #003366;\">Cont\u00e1ctanos para m\u00e1s informaci\u00f3n o asesor\u00eda.<\/span><\/strong><\/h3>\n<p>[\/vc_column_text][vc_empty_space height=&#8221;25px&#8221; css=&#8221;.vc_custom_1637722683959{padding-top: 10px !important;padding-bottom: 10px !important;}&#8221;][vc_column_text]<\/p>\n<h4 style=\"text-align: left;\"><a style=\"font-size: 16px;\" href=\"https:\/\/api.whatsapp.com\/send?phone=5577537510\"><strong><img loading=\"lazy\" decoding=\"async\" class=\"wp-image-5712 size-full alignleft\" src=\"https:\/\/nextiait.com\/wp-content\/uploads\/2021\/11\/whatsapp-2.png\" alt=\"\" width=\"65\" height=\"49\" \/><\/strong><\/a><a style=\"color: #000000;\" href=\"https:\/\/api.whatsapp.com\/send?phone=5577537510\"><strong>Whatsapp<\/strong><\/a><\/h4>\n<hr \/>\n<p>[\/vc_column_text][vc_empty_space height=&#8221;25px&#8221; css=&#8221;.vc_custom_1637722683959{padding-top: 10px !important;padding-bottom: 10px !important;}&#8221;][vc_column_text]<\/p>\n<div style=\"text-align: left;\">\n<div class=\" text-center text-bold text-m \" style=\"text-align: left;\"><a href=\"tel:5577537510\"><strong><img loading=\"lazy\" decoding=\"async\" class=\"wp-image-5713 size-full alignleft\" src=\"https:\/\/nextiait.com\/wp-content\/uploads\/2021\/11\/phone-2.png\" alt=\"\" width=\"51\" height=\"46\" \/><\/strong><\/a><\/div>\n<\/div>\n<h4><a style=\"color: #333333;\" href=\"tel:5577537510\"><strong>55-7753-7510<\/strong><\/a><\/h4>\n<div>\n<hr \/>\n<\/div>\n<p>[\/vc_column_text][vc_empty_space height=&#8221;25px&#8221;][vc_column_text]<\/p>\n<div style=\"text-align: left;\">\n<div class=\" text-center text-bold text-m \"><img loading=\"lazy\" decoding=\"async\" class=\"wp-image-5714 size-full alignleft\" src=\"https:\/\/nextiait.com\/wp-content\/uploads\/2021\/11\/mail-2.png\" alt=\"\" width=\"62\" height=\"42\" \/><\/div>\n<h4 class=\" text-center text-bold text-m \"><span style=\"color: #333333;\"><a style=\"color: #333333;\" href=\"mailto:contacto@nextiait.com\"><strong>contacto@nextiait.com<\/strong><\/a><\/span><\/h4>\n<\/div>\n<div class=\"col-md-12 hc_text_block_cnt\">\n<div>\n<hr \/>\n<\/div>\n<div id=\"qPxGy\" class=\" text-center text-s \" style=\"text-align: left;\"><\/div>\n<\/div>\n<p>[\/vc_column_text][vc_empty_space height=&#8221;25px&#8221;][vc_column_text css=&#8221;.vc_custom_1637728397596{padding-top: 15px !important;}&#8221;]<\/p>\n<div style=\"text-align: center;\">\n<h4><\/h4>\n<h4 class=\" text-center text-bold text-m \"><span style=\"color: #000000;\"><strong>Horario de atenci\u00f3n: Lunes a viernes de 9:00 a 18:00.<\/strong><\/span><\/h4>\n<\/div>\n<p>[\/vc_column_text][vc_empty_space height=&#8221;65px&#8221; css=&#8221;.vc_custom_1637723918289{padding-top: 40px !important;padding-bottom: 40px !important;}&#8221;][\/vc_column][vc_column width=&#8221;1\/2&#8243; css=&#8221;.vc_custom_1637702049790{padding-right: 100px !important;padding-left: 100px !important;}&#8221;][vc_empty_space height=&#8221;15px&#8221;][vc_column_text]<\/p>\n<p style=\"text-align: center;\"><span style=\"color: #000000;\"><strong>Completa el siguiente formulario con tus datos de contacto y tu consulta y en breve nos pondremos en contacto.<\/strong><\/span><\/p>\n<p>[\/vc_column_text][contact-form-7 id=&#8221;6010&#8243; html_class=&#8221;cf7_custom_style_1&#8243;][\/vc_column][\/vc_row][vc_row css=&#8221;.vc_custom_1637724005424{padding-top: 33px !important;padding-bottom: 33px !important;}&#8221;][vc_column css=&#8221;.vc_custom_1637742174982{padding-top: 15px !important;padding-bottom: 30px !important;}&#8221;][qodef_separator position=&#8221;center&#8221; color=&#8221;#72abdc&#8221; thickness=&#8221;15&#8243;][vc_column_text css=&#8221;.vc_custom_1637637092695{padding-bottom: 20px !important;}&#8221;]<\/p>\n<h2 style=\"text-align: center;\">Algunos de nuestros clientes<\/h2>\n<p>[\/vc_column_text][qodef_carousel carousel=&#8221;home-main&#8221; number_of_items=&#8221;5&#8243; autoplay_timeout=&#8221;3&#8243; image_animation=&#8221;image-zoom&#8221; show_navigation=&#8221;no&#8221;][\/vc_column][\/vc_row][vc_column][\/vc_column]<\/p>\n","protected":false},"excerpt":{"rendered":"<p>[vc_row][vc_column][vc_column_text css=&#8221;.vc_custom_1638078855977{padding-top: 10px !important;padding-right: 20px !important;padding-bottom: 10px !important;padding-left: 40px !important;}&#8221;] Telefon\u00eda y comunicaciones [\/vc_column_text][vc_column_text css=&#8221;.vc_custom_1638080190775{padding-right: 140px !important;padding-left: 140px !important;}&#8221;] Reduce los costos de tu sistema de telefon\u00eda y aumenta la productividad de tus empleados con nuestras soluciones de telefon\u00eda PBX, IP y en la nube&#8230;<\/p>\n","protected":false},"author":1,"featured_media":0,"parent":0,"menu_order":0,"comment_status":"closed","ping_status":"closed","template":"full-width.php","meta":{"footnotes":""},"class_list":["post-5948","page","type-page","status-publish","hentry"],"_links":{"self":[{"href":"https:\/\/nextiait.com\/index.php\/wp-json\/wp\/v2\/pages\/5948","targetHints":{"allow":["GET"]}}],"collection":[{"href":"https:\/\/nextiait.com\/index.php\/wp-json\/wp\/v2\/pages"}],"about":[{"href":"https:\/\/nextiait.com\/index.php\/wp-json\/wp\/v2\/types\/page"}],"author":[{"embeddable":true,"href":"https:\/\/nextiait.com\/index.php\/wp-json\/wp\/v2\/users\/1"}],"replies":[{"embeddable":true,"href":"https:\/\/nextiait.com\/index.php\/wp-json\/wp\/v2\/comments?post=5948"}],"version-history":[{"count":26,"href":"https:\/\/nextiait.com\/index.php\/wp-json\/wp\/v2\/pages\/5948\/revisions"}],"predecessor-version":[{"id":6011,"href":"https:\/\/nextiait.com\/index.php\/wp-json\/wp\/v2\/pages\/5948\/revisions\/6011"}],"wp:attachment":[{"href":"https:\/\/nextiait.com\/index.php\/wp-json\/wp\/v2\/media?parent=5948"}],"curies":[{"name":"wp","href":"https:\/\/api.w.org\/{rel}","templated":true}]}}