{"id":5369,"date":"2021-11-22T23:29:59","date_gmt":"2021-11-22T23:29:59","guid":{"rendered":"https:\/\/nextiait.com\/?page_id=5369"},"modified":"2021-11-23T14:37:18","modified_gmt":"2021-11-23T14:37:18","slug":"privacidad","status":"publish","type":"page","link":"https:\/\/nextiait.com\/index.php\/privacidad\/","title":{"rendered":"Aviso de Privacidad"},"content":{"rendered":"<p style=\"text-align: center;\"><span style=\"font-size: large;\"><img loading=\"lazy\" decoding=\"async\" class=\"wp-image-4941 aligncenter\" src=\"https:\/\/nextiait.com\/wp-content\/uploads\/2021\/11\/iconoNXT5-Transparente.png\" alt=\"\" width=\"45\" height=\"49\" \/><\/span><\/p>\n<h2 style=\"text-align: center;\">Aviso de Privacidad Integral<\/h2>\n<hr \/>\n<p style=\"text-align: justify;\"><span style=\"font-size: medium;\">Asesores Hevianc, SC\u00a0empresa propietaria\u00a0de la marca<strong>\u00a0Nextia IT<\/strong> con domicilio en la calle Capuchinas 21, Colonia San Jos\u00e9 Insurgentes, Delegaci\u00f3n Benito Ju\u00e1rez C.P. 03900, en la Ciudad de M\u00e9xico, es responsable de la confidencialidad, uso y protecci\u00f3n de la informaci\u00f3n personal, que nos es proporcionada.<\/span><\/p>\n<p style=\"text-align: justify;\"><span style=\"font-size: medium;\">Para realizar los fines se\u00f1alados en el presente aviso, se le podr\u00e1n solicitar datos generales respecto a su identificaci\u00f3n, domicilio, informaci\u00f3n financiera, laboral o patrimonial, misma que ser\u00e1 utilizada para identificarle y dar cumplimiento a las relaciones comerciales que realice con nosotros, proveerle de los servicios y productos adquiridos, otorgarle una l\u00ednea de cr\u00e9dito, informarle sobre nuestras ofertas, promociones y encuestas respecto a nuestros productos y\/o servicios.<\/span><\/p>\n<p style=\"text-align: justify;\"><span style=\"font-size: medium;\">Para el caso que desee limitar el uso o divulgaci\u00f3n de su informaci\u00f3n personal, ejercitar sus derechos de acceder, rectificar y cancelar sus datos personales, as\u00ed como de oponerse al tratamiento de los mismos, o revocar el consentimiento que para tal fin nos haya otorgado, lo podr\u00e1 realizar a trav\u00e9s de nuestro correo electr\u00f3nico\u00a0<a href=\"https:\/\/web.archive.org\/web\/20190127181859\/mailto:contacto@nextiait.com\">contacto@nextiait.com<\/a>\u00a0 en donde se le informar\u00e1n los procedimientos establecidos para el ejercicio de los derechos aqu\u00ed se\u00f1alados.<\/span><\/p>\n<p style=\"text-align: justify;\"><span style=\"font-size: medium;\">Para dudas o comentarios relacionados con cualquiera de nuestros productos, garant\u00edas, servicios, facturaci\u00f3n, ventas por internet o por tel\u00e9fono, quejas, sugerencias y\/o comentarios, favor de contactar al correo electr\u00f3nico:\u00a0<a href=\"https:\/\/web.archive.org\/web\/20190127181859\/mailto:contacto@nextiait.com\">contacto@nextiait.com<\/a>\u00a0o\u00a0a trav\u00e9s de cualquiera de los medios de contacto que aparecen en nuestra p\u00e1gina de\u00a0<a href=\"https:\/\/web.archive.org\/web\/20190127181859\/https:\/\/nextiait.com\/index.php\/contacto\/\">Contacto<\/a>.<\/span><\/p>\n<p style=\"text-align: justify;\"><span style=\"font-size: medium;\">En caso de cambios al presente aviso, los podr\u00e1 consultar en la p\u00e1gina\u00a0<a href=\"https:\/\/web.archive.org\/web\/20190127181859\/https:\/\/www.nextiait.com\/\">www.nextiait.com<\/a>.<\/span><\/p>\n<p style=\"text-align: justify;\"><span style=\"font-size: medium;\">En aras del cumplimiento de la Ley Federal de Protecci\u00f3n de Datos Personales en Posesi\u00f3n de Sujetos Obligados, publicada por el Gobierno de M\u00e9xico, as\u00ed como del GDPR Reglamento General de Protecci\u00f3n de Datos de la Uni\u00f3n Europea (UE) 2016\/679 del Parlamento Europeo y del Consejo, de 27 de abril de 2016, puede ejercer los derechos de acceso, rectificaci\u00f3n, cancelaci\u00f3n, limitaci\u00f3n, oposici\u00f3n y portabilidad de manera gratuita mediante correo electr\u00f3nico a: protecciondedatos@hevianc.com o bien a trav\u00e9s de cualquiera de nuestras v\u00edas de contacto oficiales declaradas en nuestro sitio web.<\/span><\/p>\n<p>Fecha \u00faltima actualizaci\u00f3n [12\/2021]<\/p>\n<hr \/>\n<h2>Qu\u00e9 datos personales recopilamos y por qu\u00e9 los recopilamos<\/h2>\n<p>Cuando los visitantes dejan comentarios en el sitio, recopilamos los datos que se muestran en el formulario de comentarios y tambi\u00e9n la direcci\u00f3n IP del visitante y la cadena del agente del usuario del navegador para detectar SPAM.<\/p>\n<p>An anonymized string created from your email address (also called a hash) may be provided to the Gravatar service to see if you are using it. The Gravatar service privacy policy is available here: https:\/\/automattic.com\/privacy\/. After approval of your comment, your profile picture is visible to the public in the context of your comment.<\/p>\n<h3>Formularios de contacto<\/h3>\n<h3>Cookies<\/h3>\n<p>Si deja un comentario en nuestro sitio, puede optar por guardar su nombre, direcci\u00f3n de correo electr\u00f3nico y sitio web en las cookies. Estos son para su conveniencia para que no tenga que volver a ingresar sus datos cuando deje otro comentario. Estas cookies durar\u00e1n un a\u00f1o.<\/p>\n<p>Si tiene una cuenta e inicia sesi\u00f3n en este sitio, configuraremos una cookie temporal para determinar si su navegador acepta cookies. Esta cookie no contiene datos personales y se descarta al cerrar el navegador.<\/p>\n<h3>Contenido incrustado de otros sitios web<\/h3>\n<p>Los art\u00edculos en este sitio pueden incluir contenido incrustado (por ejemplo, videos, im\u00e1genes, art\u00edculos, etc.). El contenido incrustado de otros sitios web se comporta de la misma manera que si el visitante hubiera visitado el otro sitio web.<\/p>\n<p>Estos sitios web pueden recopilar datos sobre usted, utilizar cookies, incrustar un seguimiento de terceros adicional y supervisar su interacci\u00f3n con ese contenido incrustado, incluyendo el rastreo de su interacci\u00f3n con el contenido incrustado si tiene una cuenta y est\u00e1 conectado a ese sitio web.<\/p>\n<h3>Anal\u00edtica<\/h3>\n<p>Si deja un comentario, el comentario y sus metadatos se conservan indefinidamente. Esto es para que podamos reconocer y aprobar cualquier comentario de seguimiento de forma autom\u00e1tica en lugar de mantenerlos en una cola de moderaci\u00f3n.<\/p>\n<p>Para los usuarios que se registran en nuestro sitio web (si corresponde), tambi\u00e9n almacenamos la informaci\u00f3n personal que proporcionan en su perfil de usuario. Todos los usuarios pueden ver, editar o eliminar su informaci\u00f3n personal en cualquier momento (excepto que no pueden cambiar su nombre de usuario). Los administradores del sitio web tambi\u00e9n pueden ver y editar esa informaci\u00f3n.<\/p>\n<h3>Qu\u00e9 derechos tienes sobre tus datos<\/h3>\n<p>Si tiene una cuenta en este sitio o ha dejado comentarios, puede solicitar recibir un archivo exportado de los datos personales que tenemos sobre usted, incluidos los datos que nos haya proporcionado. Tambi\u00e9n puede solicitar que borremos cualquier dato personal que tengamos sobre usted. Esto no incluye datos que estamos obligados a mantener para fines administrativos, legales o de seguridad.<\/p>\n<hr \/>\n<p>&nbsp;<\/p>\n<p>Si existiera alg\u00fan error en alguno de tus datos, por favor escr\u00edbenos nuevamente desde\u00a0<a href=\"https:\/\/nextiait.com\/index.php\/contacto\/\" target=\"_blank\" rel=\"noopener\" data-saferedirecturl=\"https:\/\/www.google.com\/url?q=https:\/\/nextiait.com\/index.php\/contacto\/&amp;source=gmail&amp;ust=1637711411114000&amp;usg=AOvVaw0osOBWlW-Qd7vQjTU5IjVA\">nuestro sitio web<\/a>, por\u00a0<a href=\"https:\/\/api.whatsapp.com\/send?phone=525577537510\" target=\"_blank\" rel=\"noopener\" data-saferedirecturl=\"https:\/\/www.google.com\/url?q=https:\/\/api.whatsapp.com\/send?phone%3D525577537510&amp;source=gmail&amp;ust=1637711411114000&amp;usg=AOvVaw3uspMI-Fh9E7bzLcjNuXkk\">Whatsapp<\/a>, por correo a\u00a0<a href=\"mailto:contacto@nextiait.com\" target=\"_blank\" rel=\"noopener\">contacto@nextiait.com<\/a>\u00a0o por tel\u00e9fono al\u00a0<a href=\"tel:5577537510\" target=\"_blank\" rel=\"noopener\">55 7753-7510<\/a>. Gracias.<\/p>\n<p><small>*Puedes consultar nuestro\u00a0<a href=\"https:\/\/nextiait.com\/index.php\/privacidad\/\" target=\"_blank\" rel=\"noopener\" data-saferedirecturl=\"https:\/\/www.google.com\/url?q=https:\/\/nextiait.com\/index.php\/privacidad\/&amp;source=gmail&amp;ust=1637711411114000&amp;usg=AOvVaw1umrS69o8gyoxgZJKyqYEk\">Aviso de Privacidad<\/a>\u00a0desde nuestro sitio web.<\/small><\/p>\n<hr \/>\n<p>&nbsp;<\/p>\n<p style=\"text-align: center;\"><img loading=\"lazy\" decoding=\"async\" class=\"wp-image-4947 aligncenter\" src=\"https:\/\/nextiait.com\/wp-content\/uploads\/2021\/11\/logonextiait-300x84.png\" alt=\"\" width=\"180\" height=\"50\" srcset=\"https:\/\/nextiait.com\/wp-content\/uploads\/2021\/11\/logonextiait-300x84.png 300w, https:\/\/nextiait.com\/wp-content\/uploads\/2021\/11\/logonextiait.png 480w\" sizes=\"auto, (max-width: 180px) 100vw, 180px\" \/><\/p>\n<p style=\"text-align: center;\"><span class=\"cke_widget_wrapper cke_widget_inline cke_widget_image cke_image_nocaption cke_widget_selected\" tabindex=\"-1\" role=\"region\" contenteditable=\"false\" data-cke-widget-wrapper=\"1\" data-cke-filter=\"off\" data-cke-display-name=\"image\" data-cke-widget-id=\"2\" aria-label=\"reproductor image\"><a class=\"cke_widget_element\" href=\"https:\/\/www.linkedin.com\/company\/nextia-it\" target=\"_blank\" rel=\"noopener\" data-widget=\"image\" data-cke-saved-href=\"https:\/\/www.linkedin.com\/company\/nextia-it\" data-cke-widget-keep-attr=\"1\" data-cke-widget-data=\"%7B%22hasCaption%22%3Afalse%2C%22src%22%3A%22https%3A%2F%2Fci4.googleusercontent.com%2Fproxy%2FPMXGlIlpLaFgLBqCTcJ2No2NX06EcHvxgXJOcXM9xy5uMasFhjow2JXcuJ8q_NH8NlXPdoE-L6qVPCJ3fAthqgh1VwiDnR-jbADUQMFTDnmdw-2Pz5NClj_mSQnHEXPzlXpBrZNdsU2_sWY_Zv0HzXzbjx9qibQnZoStR8ulTyapaFDmLLI6YGs-FLJviaZK74_wYKDYxnnkxwjVfbLEqQ%3Ds0-d-e1-ft%23https%3A%2F%2Fdocs.google.com%2Fuc%3Fexport%3Ddownload%26id%3D1aLEsVpy7y7wMwuHRPbX_j0jKUf3DPpuZ%26revid%3D0BzbQLCix0Rk-NUdrNTZrQTJHMWlDZFE2ck0xNENveVFQTG1jPQ%22%2C%22alt%22%3A%22%22%2C%22width%22%3A%22%22%2C%22height%22%3A%22%22%2C%22lock%22%3Atrue%2C%22align%22%3A%22none%22%2C%22link%22%3A%7B%22type%22%3A%22url%22%2C%22url%22%3A%7B%22protocol%22%3A%22https%3A%2F%2F%22%2C%22url%22%3A%22www.linkedin.com%2Fcompany%2Fnextia-it%22%7D%2C%22target%22%3A%7B%22type%22%3A%22_blank%22%2C%22name%22%3A%22_blank%22%7D%2C%22advanced%22%3A%7B%22advCSSClasses%22%3A%22%22%7D%7D%2C%22classes%22%3Anull%7D\"><img decoding=\"async\" src=\"https:\/\/ci4.googleusercontent.com\/proxy\/PMXGlIlpLaFgLBqCTcJ2No2NX06EcHvxgXJOcXM9xy5uMasFhjow2JXcuJ8q_NH8NlXPdoE-L6qVPCJ3fAthqgh1VwiDnR-jbADUQMFTDnmdw-2Pz5NClj_mSQnHEXPzlXpBrZNdsU2_sWY_Zv0HzXzbjx9qibQnZoStR8ulTyapaFDmLLI6YGs-FLJviaZK74_wYKDYxnnkxwjVfbLEqQ=s0-d-e1-ft#https:\/\/docs.google.com\/uc?export=download&amp;id=1aLEsVpy7y7wMwuHRPbX_j0jKUf3DPpuZ&amp;revid=0BzbQLCix0Rk-NUdrNTZrQTJHMWlDZFE2ck0xNENveVFQTG1jPQ\" alt=\"\" data-cke-saved-src=\"https:\/\/ci4.googleusercontent.com\/proxy\/PMXGlIlpLaFgLBqCTcJ2No2NX06EcHvxgXJOcXM9xy5uMasFhjow2JXcuJ8q_NH8NlXPdoE-L6qVPCJ3fAthqgh1VwiDnR-jbADUQMFTDnmdw-2Pz5NClj_mSQnHEXPzlXpBrZNdsU2_sWY_Zv0HzXzbjx9qibQnZoStR8ulTyapaFDmLLI6YGs-FLJviaZK74_wYKDYxnnkxwjVfbLEqQ=s0-d-e1-ft#https:\/\/docs.google.com\/uc?export=download&amp;id=1aLEsVpy7y7wMwuHRPbX_j0jKUf3DPpuZ&amp;revid=0BzbQLCix0Rk-NUdrNTZrQTJHMWlDZFE2ck0xNENveVFQTG1jPQ\" \/><\/a><span class=\"cke_image_resizer\" title=\"Dar clic y arrastrar para cambiar tama\u00f1o\">\u200b<\/span><\/span>\u00a0 \u00a0 <a href=\"https:\/\/www.facebook.com\/nextiait\/\"><img decoding=\"async\" src=\"https:\/\/ci4.googleusercontent.com\/proxy\/pNxlnxfdrkXILHjjTTCraMTZUlrXh7ly09k2AkAjU7QU36bVmYzcGYBKgAwaj01zT12Y2NcTglaERGdu2wQtR48h_gjiQ8-Vlof677ym-PUp1RjwimE-kvbWzX2lT8nQcltRTM_DLMOMqdFN219g-ivsPqY3juyKVSVNj1pdDn-fpGSOS0K8LFdflrR8qSIAbXuJJYAWi3yi9ELliO1bbQ=s0-d-e1-ft#https:\/\/docs.google.com\/uc?export=download&amp;id=1t0PSXTwxe4suxm1XfviaaVju-ZrnrvKb&amp;revid=0BzbQLCix0Rk-RHp0MGZZMjlmaWpQbjhtOUdYUnhadUdkWGhnPQ\" \/><\/a>\u00a0 \u00a0 <span tabindex=\"-1\" role=\"region\" contenteditable=\"false\" aria-label=\"reproductor image\"><span class=\"cke_widget_wrapper cke_widget_inline cke_widget_image cke_image_nocaption cke_widget_selected\" tabindex=\"-1\" role=\"region\" contenteditable=\"false\" data-cke-widget-wrapper=\"1\" data-cke-filter=\"off\" data-cke-display-name=\"image\" data-cke-widget-id=\"0\" aria-label=\"reproductor image\"><a class=\"cke_widget_element\" href=\"https:\/\/twitter.com\/NextiaIT\" target=\"_blank\" rel=\"noopener\" data-widget=\"image\" data-cke-saved-href=\"https:\/\/twitter.com\/NextiaIT\" data-cke-widget-keep-attr=\"1\" data-cke-widget-data=\"%7B%22hasCaption%22%3Afalse%2C%22src%22%3A%22https%3A%2F%2Fci3.googleusercontent.com%2Fproxy%2FZOaNxeXqs98LCt6R-2FiK-xoUaalbiq74uptNHIADu1LWWADurjYZ5Vf-IbKoEXu-HCwu99r9n5mZvMuS2a7Vi5F0JkHZLtjkqAmPMEOVfhwHlPi87YjMfQYu2yM_acwUI7vYDVW1lDixLYjY6PGmnB4TAJjmwgFWlP8U5hs4e9hvMBt64EJ6NVuXcriqmmr4isnwgfPxQmMb_8-f_yXvA%3Ds0-d-e1-ft%23https%3A%2F%2Fdocs.google.com%2Fuc%3Fexport%3Ddownload%26id%3D1cGJFyI8gFeWXeCu8MSgmfn9RGdo2Kcez%26revid%3D0BzbQLCix0Rk-cTNGYU9wWVZEMEJRYzBwRVJUM0lSZCt5K0hZPQ%22%2C%22alt%22%3A%22%22%2C%22width%22%3A%22%22%2C%22height%22%3A%22%22%2C%22lock%22%3Atrue%2C%22align%22%3A%22none%22%2C%22link%22%3A%7B%22type%22%3A%22url%22%2C%22url%22%3A%7B%22protocol%22%3A%22https%3A%2F%2F%22%2C%22url%22%3A%22twitter.com%2FNextiaIT%22%7D%2C%22target%22%3A%7B%22type%22%3A%22_blank%22%2C%22name%22%3A%22_blank%22%7D%2C%22advanced%22%3A%7B%22advCSSClasses%22%3A%22%22%7D%7D%2C%22classes%22%3Anull%7D\"><img decoding=\"async\" src=\"https:\/\/ci3.googleusercontent.com\/proxy\/ZOaNxeXqs98LCt6R-2FiK-xoUaalbiq74uptNHIADu1LWWADurjYZ5Vf-IbKoEXu-HCwu99r9n5mZvMuS2a7Vi5F0JkHZLtjkqAmPMEOVfhwHlPi87YjMfQYu2yM_acwUI7vYDVW1lDixLYjY6PGmnB4TAJjmwgFWlP8U5hs4e9hvMBt64EJ6NVuXcriqmmr4isnwgfPxQmMb_8-f_yXvA=s0-d-e1-ft#https:\/\/docs.google.com\/uc?export=download&amp;id=1cGJFyI8gFeWXeCu8MSgmfn9RGdo2Kcez&amp;revid=0BzbQLCix0Rk-cTNGYU9wWVZEMEJRYzBwRVJUM0lSZCt5K0hZPQ\" alt=\"\" data-cke-saved-src=\"https:\/\/ci3.googleusercontent.com\/proxy\/ZOaNxeXqs98LCt6R-2FiK-xoUaalbiq74uptNHIADu1LWWADurjYZ5Vf-IbKoEXu-HCwu99r9n5mZvMuS2a7Vi5F0JkHZLtjkqAmPMEOVfhwHlPi87YjMfQYu2yM_acwUI7vYDVW1lDixLYjY6PGmnB4TAJjmwgFWlP8U5hs4e9hvMBt64EJ6NVuXcriqmmr4isnwgfPxQmMb_8-f_yXvA=s0-d-e1-ft#https:\/\/docs.google.com\/uc?export=download&amp;id=1cGJFyI8gFeWXeCu8MSgmfn9RGdo2Kcez&amp;revid=0BzbQLCix0Rk-cTNGYU9wWVZEMEJRYzBwRVJUM0lSZCt5K0hZPQ\" \/><\/a><span class=\"cke_image_resizer\" title=\"Dar clic y arrastrar para cambiar tama\u00f1o\">\u200b<\/span><\/span><\/span><\/p>\n<p style=\"text-align: center;\">Abre un ticket de soporte t\u00e9cnico <a href=\"http:\/\/itc.nextiait.com\/sd\/web\/\" data-cke-saved-href=\"http:\/\/itc.nextiait.com\/sd\/web\/\">aqu\u00ed<\/a>.<br \/>\nOpen a tech support ticket <a href=\"http:\/\/itc.nextiait.com\/sd\/web\/\" data-cke-saved-href=\"http:\/\/itc.nextiait.com\/sd\/web\/\">here<\/a><br \/>\nCrie um chamado de suporte t\u00e9cnico <a href=\"http:\/\/itc.nextiait.com\/sd\/web\/\" data-cke-saved-href=\"http:\/\/itc.nextiait.com\/sd\/web\/\">aqui<\/a><\/p>\n","protected":false},"excerpt":{"rendered":"<p>Aviso de Privacidad Integral Asesores Hevianc, SC\u00a0empresa propietaria\u00a0de la marca\u00a0Nextia IT con domicilio en la calle Capuchinas 21, Colonia San Jos\u00e9 Insurgentes, Delegaci\u00f3n Benito Ju\u00e1rez C.P. 03900, en la Ciudad de M\u00e9xico, es responsable de la confidencialidad, uso y protecci\u00f3n de la informaci\u00f3n personal, que&#8230;<\/p>\n","protected":false},"author":1,"featured_media":0,"parent":0,"menu_order":0,"comment_status":"closed","ping_status":"closed","template":"","meta":{"footnotes":""},"class_list":["post-5369","page","type-page","status-publish","hentry"],"_links":{"self":[{"href":"https:\/\/nextiait.com\/index.php\/wp-json\/wp\/v2\/pages\/5369","targetHints":{"allow":["GET"]}}],"collection":[{"href":"https:\/\/nextiait.com\/index.php\/wp-json\/wp\/v2\/pages"}],"about":[{"href":"https:\/\/nextiait.com\/index.php\/wp-json\/wp\/v2\/types\/page"}],"author":[{"embeddable":true,"href":"https:\/\/nextiait.com\/index.php\/wp-json\/wp\/v2\/users\/1"}],"replies":[{"embeddable":true,"href":"https:\/\/nextiait.com\/index.php\/wp-json\/wp\/v2\/comments?post=5369"}],"version-history":[{"count":4,"href":"https:\/\/nextiait.com\/index.php\/wp-json\/wp\/v2\/pages\/5369\/revisions"}],"predecessor-version":[{"id":5453,"href":"https:\/\/nextiait.com\/index.php\/wp-json\/wp\/v2\/pages\/5369\/revisions\/5453"}],"wp:attachment":[{"href":"https:\/\/nextiait.com\/index.php\/wp-json\/wp\/v2\/media?parent=5369"}],"curies":[{"name":"wp","href":"https:\/\/api.w.org\/{rel}","templated":true}]}}