{"id":5069,"date":"2021-11-21T06:02:59","date_gmt":"2021-11-21T06:02:59","guid":{"rendered":"https:\/\/nextiait.com\/?page_id=5069"},"modified":"2021-11-28T03:46:11","modified_gmt":"2021-11-28T03:46:11","slug":"cableado-estructurado","status":"publish","type":"page","link":"https:\/\/nextiait.com\/index.php\/cableado-estructurado\/","title":{"rendered":"Cableado de voz y datos"},"content":{"rendered":"<p>[vc_row][vc_column][vc_column_text css=&#8221;.vc_custom_1638069395037{padding-top: 10px !important;padding-right: 20px !important;padding-bottom: 10px !important;padding-left: 40px !important;}&#8221;]<\/p>\n<p style=\"font-size: 26px; text-align: center;\"><span style=\"color: #003366;\">Proyectos de Infraestructura de redes de voz y datos<\/span><\/p>\n<p>[\/vc_column_text][\/vc_column][\/vc_row][vc_row content_width=&#8221;grid&#8221; content_aligment=&#8221;center&#8221; css=&#8221;.vc_custom_1638069526739{padding-top: 50px !important;padding-bottom: 15px !important;}&#8221;][vc_column offset=&#8221;vc_col-md-4&#8243;][vc_single_image image=&#8221;5865&#8243; img_size=&#8221;300&#215;200&#8243; alignment=&#8221;center&#8221;][vc_empty_space height=&#8221;34px&#8221;][vc_column_text]<\/p>\n<h5>Cableado estructurado<\/h5>\n<p>[\/vc_column_text][vc_empty_space height=&#8221;4px&#8221;][vc_column_text]<span style=\"color: #000000;\">Dise\u00f1amos e implementamos sistemas de cableado estructurado bajo los est\u00e1ndares de la industria para sus requerimientos de comunicaci\u00f3n de voz y datos.<\/span>[\/vc_column_text][vc_empty_space height=&#8221;31px&#8221;][\/vc_column][vc_column offset=&#8221;vc_col-md-4&#8243;][vc_single_image image=&#8221;5868&#8243; img_size=&#8221;300&#215;200&#8243; alignment=&#8221;center&#8221;][vc_empty_space height=&#8221;34px&#8221;][vc_column_text]<\/p>\n<h5>Servicio y mantenimiento<\/h5>\n<p>[\/vc_column_text][vc_empty_space height=&#8221;4px&#8221;][vc_column_text]<span style=\"color: #000000;\">Servicio de mantenimiento preventivo o correctivo a instalaciones de cableado, as\u00ed como modificaciones o renovaciones.<\/span>[\/vc_column_text][vc_empty_space height=&#8221;31px&#8221;][\/vc_column][vc_column offset=&#8221;vc_col-md-4&#8243;][vc_single_image image=&#8221;5867&#8243; img_size=&#8221;300&#215;200&#8243; alignment=&#8221;center&#8221;][vc_empty_space height=&#8221;34px&#8221;][vc_column_text]<\/p>\n<h5>Venta de equipo y materiales<\/h5>\n<p>[\/vc_column_text][vc_empty_space height=&#8221;4px&#8221;][vc_column_text]<span style=\"color: #000000;\">Venta y distribuci\u00f3n de equipos y materiales para atender sus proyectos o requerimientos de cableado de voz y datos. Ofrecemos racks, patch panels, jacks, plugs, cable UTP y mucho m\u00e1s.<\/span>[\/vc_column_text][vc_empty_space height=&#8221;31px&#8221;][\/vc_column][\/vc_row][vc_row][vc_column]<div class=\"qodef-separator-holder clearfix  qodef-separator-center\">\n\t<div class=\"qodef-separator\" style=\"border-color: #72abdc;border-style: solid;width: 800px;border-bottom-width: 3px\"><\/div>\n<\/div>\n[\/vc_column][\/vc_row][vc_row content_width=&#8221;grid&#8221; css=&#8221;.vc_custom_1638070718841{padding-top: 15px !important;padding-right: 25px !important;padding-left: 25px !important;}&#8221;][vc_column offset=&#8221;vc_col-lg-4 vc_col-md-4&#8243; css=&#8221;.vc_custom_1638070847276{padding-left: 90px !important;}&#8221;]<div class=\"qodef-iwt clearfix qodef-iwt-icon-left qodef-iwt-icon-tiny\">\n    <div class=\"qodef-iwt-icon-holder\">\n                    \n    <span class=\"qodef-icon-shortcode normal\" style=\"margin: 0 0 10px 0\" data-hover-color=\"#1e73be\" data-color=\"#72abdc\">\n        \n        <i class=\"qodef-icon-ion-icon ion-network qodef-icon-element\" style=\"color: #72abdc;font-size:38px\" ><\/i>\n            <\/span>\n\n            <\/div>\n    <div class=\"qodef-iwt-content-holder\" >\n        <div class=\"qodef-iwt-title-holder\">\n            <h5 style=\"color: #000000\">Voz y Datos<\/h5>\n        <\/div>\n        <div class=\"qodef-iwt-text-holder\">\n            <p ><\/p>\n                                <\/div>\n    <\/div>\n<\/div>[vc_empty_space height=&#8221;60px&#8221;][\/vc_column][vc_column offset=&#8221;vc_col-lg-4 vc_col-md-4&#8243; css=&#8221;.vc_custom_1638070892754{padding-left: 70px !important;}&#8221;]<div class=\"qodef-iwt clearfix qodef-iwt-icon-left qodef-iwt-icon-tiny\">\n    <div class=\"qodef-iwt-icon-holder\">\n                    \n    <span class=\"qodef-icon-shortcode normal\"  data-hover-color=\"#1e73be\" data-color=\"#72abdc\">\n        \n        <span aria-hidden=\"true\" class=\"qodef-icon-font-elegant icon_tools qodef-icon-element\" style=\"color: #72abdc;font-size:38px\" ><\/span>\n            <\/span>\n\n            <\/div>\n    <div class=\"qodef-iwt-content-holder\" style=\"padding-left: 68px\">\n        <div class=\"qodef-iwt-title-holder\">\n            <h5 style=\"color: #000000\">P\u00f3lizas de mantenimiento<\/h5>\n        <\/div>\n        <div class=\"qodef-iwt-text-holder\">\n            <p ><\/p>\n                                <\/div>\n    <\/div>\n<\/div>[vc_empty_space height=&#8221;60px&#8221;][\/vc_column][vc_column offset=&#8221;vc_col-lg-4 vc_col-md-4&#8243; css=&#8221;.vc_custom_1638070842039{padding-left: 90px !important;}&#8221;]<div class=\"qodef-iwt clearfix qodef-iwt-icon-left qodef-iwt-icon-tiny\">\n    <div class=\"qodef-iwt-icon-holder\">\n                    \n    <span class=\"qodef-icon-shortcode normal\" style=\"margin: 5 20 10 0\" data-hover-color=\"#1e73be\" data-color=\"#72abdc\">\n        \n        <i class=\"qodef-icon-font-awesome fa fa-certificate qodef-icon-element\" style=\"color: #72abdc;font-size:38px\" ><\/i>\n            <\/span>\n\n            <\/div>\n    <div class=\"qodef-iwt-content-holder\" style=\"padding-left: 68px\">\n        <div class=\"qodef-iwt-title-holder\">\n            <h5 style=\"color: #000000\">Marcas l\u00edderes<\/h5>\n        <\/div>\n        <div class=\"qodef-iwt-text-holder\">\n            <p ><\/p>\n                                <\/div>\n    <\/div>\n<\/div>[vc_empty_space height=&#8221;60px&#8221;][\/vc_column][\/vc_row][vc_row row_type=&#8221;parallax&#8221; content_aligment=&#8221;center&#8221; full_screen_section_height=&#8221;no&#8221; css=&#8221;.vc_custom_1638051237552{padding-top: 25px !important;padding-bottom: 25px !important;background-color: #282d33 !important;}&#8221; el_id=&#8221;contactosd&#8221;][vc_column offset=&#8221;vc_col-md-12&#8243;][vc_column_text]<\/p>\n<p style=\"font-size: 32px; text-align: center;\"><span style=\"color: #ffffff;\"><strong>Queremos escucharte<\/strong><\/span><\/p>\n<p>[\/vc_column_text][\/vc_column][\/vc_row][vc_row css=&#8221;.vc_custom_1637728198921{background-color: #e2e2e2 !important;}&#8221;][vc_column width=&#8221;1\/2&#8243; css=&#8221;.vc_custom_1637728257115{padding-top: 50px !important;padding-right: 80px !important;padding-left: 80px !important;}&#8221;][vc_column_text]<\/p>\n<h3 style=\"text-align: center;\"><strong><span style=\"color: #003366;\">Para contrataciones u obtener mayor informaci\u00f3n sobre el servicio de soporte t\u00e9cnico, cont\u00e1ctanos.<\/span><\/strong><\/h3>\n<p>[\/vc_column_text][vc_empty_space height=&#8221;25px&#8221; css=&#8221;.vc_custom_1637722683959{padding-top: 10px !important;padding-bottom: 10px !important;}&#8221;][vc_column_text]<\/p>\n<h4 style=\"text-align: left;\"><a style=\"font-size: 16px;\" href=\"https:\/\/api.whatsapp.com\/send?phone=5577537510\"><strong><img loading=\"lazy\" decoding=\"async\" class=\"wp-image-5712 size-full alignleft\" src=\"https:\/\/nextiait.com\/wp-content\/uploads\/2021\/11\/whatsapp-2.png\" alt=\"\" width=\"65\" height=\"49\" \/><\/strong><\/a><a style=\"color: #000000;\" href=\"https:\/\/api.whatsapp.com\/send?phone=5577537510\"><strong>Whatsapp<\/strong><\/a><\/h4>\n<hr \/>\n<p>[\/vc_column_text][vc_empty_space height=&#8221;25px&#8221; css=&#8221;.vc_custom_1637722683959{padding-top: 10px !important;padding-bottom: 10px !important;}&#8221;][vc_column_text]<\/p>\n<div style=\"text-align: left;\">\n<div class=\" text-center text-bold text-m \" style=\"text-align: left;\"><a href=\"tel:5577537510\"><strong><img loading=\"lazy\" decoding=\"async\" class=\"wp-image-5713 size-full alignleft\" src=\"https:\/\/nextiait.com\/wp-content\/uploads\/2021\/11\/phone-2.png\" alt=\"\" width=\"51\" height=\"46\" \/><\/strong><\/a><\/div>\n<\/div>\n<h4><a style=\"color: #333333;\" href=\"tel:5577537510\"><strong>55-7753-7510<\/strong><\/a><\/h4>\n<div>\n<hr \/>\n<\/div>\n<p>[\/vc_column_text][vc_empty_space height=&#8221;25px&#8221;][vc_column_text]<\/p>\n<div style=\"text-align: left;\">\n<div class=\" text-center text-bold text-m \"><img loading=\"lazy\" decoding=\"async\" class=\"wp-image-5714 size-full alignleft\" src=\"https:\/\/nextiait.com\/wp-content\/uploads\/2021\/11\/mail-2.png\" alt=\"\" width=\"62\" height=\"42\" \/><\/div>\n<h4 class=\" text-center text-bold text-m \"><span style=\"color: #333333;\"><a style=\"color: #333333;\" href=\"mailto:contacto@nextiait.com\"><strong>contacto@nextiait.com<\/strong><\/a><\/span><\/h4>\n<\/div>\n<div class=\"col-md-12 hc_text_block_cnt\">\n<div>\n<hr \/>\n<\/div>\n<div id=\"qPxGy\" class=\" text-center text-s \" style=\"text-align: left;\"><\/div>\n<\/div>\n<p>[\/vc_column_text][vc_empty_space height=&#8221;25px&#8221;][vc_column_text css=&#8221;.vc_custom_1637728397596{padding-top: 15px !important;}&#8221;]<\/p>\n<div style=\"text-align: center;\">\n<h4><\/h4>\n<h4 class=\" text-center text-bold text-m \"><span style=\"color: #000000;\"><strong>Horario de atenci\u00f3n: Lunes a viernes de 9:00 a 18:00.<\/strong><\/span><\/h4>\n<\/div>\n<p>[\/vc_column_text][vc_empty_space height=&#8221;65px&#8221; css=&#8221;.vc_custom_1637723918289{padding-top: 40px !important;padding-bottom: 40px !important;}&#8221;][\/vc_column][vc_column width=&#8221;1\/2&#8243; css=&#8221;.vc_custom_1637702049790{padding-right: 100px !important;padding-left: 100px !important;}&#8221;][vc_empty_space height=&#8221;15px&#8221;][vc_column_text]<\/p>\n<p style=\"text-align: center;\"><span style=\"color: #000000;\"><strong>Completa el siguiente formulario con tus datos de contacto y tu consulta y en breve nos pondremos en contacto.<\/strong><\/span><\/p>\n<p>[\/vc_column_text][contact-form-7 id=&#8221;5907&#8243; html_class=&#8221;cf7_custom_style_1&#8243;][\/vc_column][\/vc_row][vc_row css=&#8221;.vc_custom_1637724005424{padding-top: 33px !important;padding-bottom: 33px !important;}&#8221;][vc_column css=&#8221;.vc_custom_1637742174982{padding-top: 15px !important;padding-bottom: 30px !important;}&#8221;]<div class=\"qodef-separator-holder clearfix  qodef-separator-center\">\n\t<div class=\"qodef-separator\" style=\"border-color: #72abdc;border-bottom-width: 15px\"><\/div>\n<\/div>\n[vc_column_text css=&#8221;.vc_custom_1637637092695{padding-bottom: 20px !important;}&#8221;]<\/p>\n<h2 style=\"text-align: center;\">Algunos de nuestros clientes<\/h2>\n<p>[\/vc_column_text]<div class=\"qodef-carousel-holder clearfix\"><div class=\"qodef-carousel\" data-items=\"5\" data-navigation=\"no\" data-autoplay=\"3\"><div class=\"qodef-carousel-item-holder\">\r\n\t\t\t\t\t\t<span class=\"qodef-carousel-first-image-holder  qodef-image-zoom\">\r\n\t\t\t\t<img decoding=\"async\" src=\"https:\/\/nextiait.com\/wp-content\/uploads\/2021\/11\/EmbassyofIndia.png\" alt=\"1\">\r\n\t\t\t<\/span>\r\n\t\t\t\t\t<\/div><div class=\"qodef-carousel-item-holder\">\r\n\t\t\t\t\t\t<span class=\"qodef-carousel-first-image-holder  qodef-image-zoom\">\r\n\t\t\t\t<img decoding=\"async\" src=\"https:\/\/nextiait.com\/wp-content\/uploads\/2021\/11\/pranactivo.png\" alt=\"2\">\r\n\t\t\t<\/span>\r\n\t\t\t\t\t<\/div><div class=\"qodef-carousel-item-holder\">\r\n\t\t\t\t\t\t<span class=\"qodef-carousel-first-image-holder  qodef-image-zoom\">\r\n\t\t\t\t<img decoding=\"async\" src=\"https:\/\/nextiait.com\/wp-content\/uploads\/2021\/11\/muralistasmexicanos-1.png\" alt=\"3\">\r\n\t\t\t<\/span>\r\n\t\t\t\t\t<\/div><div class=\"qodef-carousel-item-holder\">\r\n\t\t\t\t\t\t<span class=\"qodef-carousel-first-image-holder  qodef-image-zoom\">\r\n\t\t\t\t<img decoding=\"async\" src=\"https:\/\/nextiait.com\/wp-content\/uploads\/2021\/11\/grupoimp.png\" alt=\"4\">\r\n\t\t\t<\/span>\r\n\t\t\t\t\t<\/div><div class=\"qodef-carousel-item-holder\">\r\n\t\t\t\t\t\t<span class=\"qodef-carousel-first-image-holder  qodef-image-zoom\">\r\n\t\t\t\t<img decoding=\"async\" src=\"https:\/\/nextiait.com\/wp-content\/uploads\/2021\/11\/neuro-fisiologo.png\" alt=\"5\">\r\n\t\t\t<\/span>\r\n\t\t\t\t\t<\/div><div class=\"qodef-carousel-item-holder\">\r\n\t\t\t\t\t\t<span class=\"qodef-carousel-first-image-holder  qodef-image-zoom\">\r\n\t\t\t\t<img decoding=\"async\" src=\"https:\/\/nextiait.com\/wp-content\/uploads\/2021\/11\/acupuntura-ryodoraku-1.png\" alt=\"6\">\r\n\t\t\t<\/span>\r\n\t\t\t\t\t<\/div><div class=\"qodef-carousel-item-holder\">\r\n\t\t\t\t\t\t<span class=\"qodef-carousel-first-image-holder  qodef-image-zoom\">\r\n\t\t\t\t<img decoding=\"async\" src=\"https:\/\/nextiait.com\/wp-content\/uploads\/2021\/11\/globallvoices.png\" alt=\"7\">\r\n\t\t\t<\/span>\r\n\t\t\t\t\t<\/div><div class=\"qodef-carousel-item-holder\">\r\n\t\t\t\t\t\t<span class=\"qodef-carousel-first-image-holder  qodef-image-zoom\">\r\n\t\t\t\t<img decoding=\"async\" src=\"https:\/\/nextiait.com\/wp-content\/uploads\/2021\/11\/spertodigital.png\" alt=\"8\">\r\n\t\t\t<\/span>\r\n\t\t\t\t\t<\/div><\/div><\/div>[\/vc_column][\/vc_row]<\/p>\n","protected":false},"excerpt":{"rendered":"<p>[vc_row][vc_column][vc_column_text css=&#8221;.vc_custom_1638069395037{padding-top: 10px !important;padding-right: 20px !important;padding-bottom: 10px !important;padding-left: 40px !important;}&#8221;] Proyectos de Infraestructura de redes de voz y datos [\/vc_column_text][\/vc_column][\/vc_row][vc_row content_width=&#8221;grid&#8221; content_aligment=&#8221;center&#8221; css=&#8221;.vc_custom_1638069526739{padding-top: 50px !important;padding-bottom: 15px !important;}&#8221;][vc_column offset=&#8221;vc_col-md-4&#8243;][vc_single_image image=&#8221;5865&#8243; img_size=&#8221;300&#215;200&#8243; alignment=&#8221;center&#8221;][vc_empty_space height=&#8221;34px&#8221;][vc_column_text] Cableado estructurado [\/vc_column_text][vc_empty_space height=&#8221;4px&#8221;][vc_column_text]Dise\u00f1amos e implementamos sistemas de cableado estructurado bajo los est\u00e1ndares&#8230;<\/p>\n","protected":false},"author":1,"featured_media":0,"parent":0,"menu_order":0,"comment_status":"closed","ping_status":"closed","template":"full-width.php","meta":{"footnotes":""},"class_list":["post-5069","page","type-page","status-publish","hentry"],"_links":{"self":[{"href":"https:\/\/nextiait.com\/index.php\/wp-json\/wp\/v2\/pages\/5069","targetHints":{"allow":["GET"]}}],"collection":[{"href":"https:\/\/nextiait.com\/index.php\/wp-json\/wp\/v2\/pages"}],"about":[{"href":"https:\/\/nextiait.com\/index.php\/wp-json\/wp\/v2\/types\/page"}],"author":[{"embeddable":true,"href":"https:\/\/nextiait.com\/index.php\/wp-json\/wp\/v2\/users\/1"}],"replies":[{"embeddable":true,"href":"https:\/\/nextiait.com\/index.php\/wp-json\/wp\/v2\/comments?post=5069"}],"version-history":[{"count":41,"href":"https:\/\/nextiait.com\/index.php\/wp-json\/wp\/v2\/pages\/5069\/revisions"}],"predecessor-version":[{"id":5908,"href":"https:\/\/nextiait.com\/index.php\/wp-json\/wp\/v2\/pages\/5069\/revisions\/5908"}],"wp:attachment":[{"href":"https:\/\/nextiait.com\/index.php\/wp-json\/wp\/v2\/media?parent=5069"}],"curies":[{"name":"wp","href":"https:\/\/api.w.org\/{rel}","templated":true}]}}