{"id":2522,"date":"2016-05-04T13:01:11","date_gmt":"2016-05-04T13:01:11","guid":{"rendered":"http:\/\/ayro.select-themes.com\/?page_id=2522"},"modified":"2021-11-29T02:18:07","modified_gmt":"2021-11-29T02:18:07","slug":"web-hosting","status":"publish","type":"page","link":"https:\/\/nextiait.com\/index.php\/web-hosting\/","title":{"rendered":"Web hosting"},"content":{"rendered":"<p>[vc_row content_width=&#8221;grid&#8221; content_aligment=&#8221;center&#8221; css=&#8221;.vc_custom_1638148613982{padding-top: 30px !important;padding-bottom: 15px !important;}&#8221;][vc_column][vc_column_text]<\/p>\n<h2>Tenemos los mejores paquetes de hospedaje web para tu negocio<\/h2>\n<p>[\/vc_column_text][vc_empty_space height=&#8221;18px&#8221;][vc_column_text]<\/p>\n<h4><span style=\"color: #000000;\">Contrata el paquete m\u00e1s adecuado y sin pagar cargos administrativos ocultos o por servicios que no utilizas.\u00a0 Adem\u00e1s te damos la garant\u00eda de alta disponibilidad y seguridad en nuestros servidores.<\/span><\/h4>\n<p>[\/vc_column_text][\/vc_column][\/vc_row][vc_row content_width=&#8221;grid&#8221; content_aligment=&#8221;center&#8221; css=&#8221;.vc_custom_1638148913712{padding-top: 80px !important;}&#8221;][vc_column][qodef_pricing_tables columns=&#8221;qodef-four-columns&#8221;][qodef_pricing_table title=&#8221;B\u00e1sico&#8221; show_button=&#8221;yes&#8221; active=&#8221;no&#8221; price=&#8221;75&#8243; button_text=&#8221;\u00a1Contr\u00e1talo ya!&#8221; link=&#8221;https:\/\/nextiait.com\/index.php\/web-hosting\/#contactohost&#8221; currency=&#8221;MX$&#8221; price_period=&#8221;mes&#8221;]<\/p>\n<ul>\n<li><span style=\"color: #003366;\">Ideal para 1 sitio web.<\/span><\/li>\n<li><span style=\"color: #003366;\">Dominio gratis el primer a\u00f1o.<\/span><\/li>\n<li><span style=\"color: #003366;\">Certificado SSL gratis.<\/span><\/li>\n<li><span style=\"color: #003366;\">Protecci\u00f3n anti-spam.<\/span><\/li>\n<li><span style=\"color: #003366;\">Correo electr\u00f3nico ilimitado.<\/span><\/li>\n<li><span style=\"color: #003366;\">Bases de datos ilimitadas.<\/span><\/li>\n<li><span style=\"color: #003366;\">Servidor Web compartido.<\/span><\/li>\n<li><span style=\"color: #003366;\">No necesitas administrarlo.<\/span><\/li>\n<\/ul>\n<p>[\/qodef_pricing_table][qodef_pricing_table title=&#8221;Negocios&#8221; show_button=&#8221;yes&#8221; active=&#8221;no&#8221; price=&#8221;150&#8243; button_text=&#8221;\u00a1Contr\u00e1talo ya!&#8221; link=&#8221;https:\/\/nextiait.com\/index.php\/web-hosting\/#contactohost&#8221; currency=&#8221;MX$&#8221; price_period=&#8221;mes&#8221;]<\/p>\n<ul>\n<li><span style=\"color: #003366;\">Ideal para 1 sitio web empresarial.<\/span><\/li>\n<li><span style=\"color: #003366;\">Almacenamiento ilimitado.<\/span><\/li>\n<li><span style=\"color: #003366;\">Dominio gratis el primer a\u00f1o.<\/span><\/li>\n<li><span style=\"color: #003366;\">Certificado SSL gratis.<\/span><\/li>\n<li><span style=\"color: #003366;\">Protecci\u00f3n anti-spam.<\/span><\/li>\n<li><span style=\"color: #003366;\">Correo electr\u00f3nico ilimitado.<\/span><\/li>\n<li><span style=\"color: #003366;\">Bases de datos ilimitadas.<\/span><\/li>\n<li><span style=\"color: #003366;\">Panel de control Plesk.<\/span><\/li>\n<\/ul>\n<p>[\/qodef_pricing_table][qodef_pricing_table title=&#8221;PYMEs&#8221; show_button=&#8221;yes&#8221; active=&#8221;yes&#8221; price=&#8221;350&#8243; button_text=&#8221;\u00a1Contr\u00e1talo ya!&#8221; link=&#8221;https:\/\/nextiait.com\/index.php\/web-hosting\/#contactohost&#8221; currency=&#8221;MX&#8221; price_period=&#8221;mes&#8221; active_text=&#8221;Mejor elecci\u00f3n&#8221;]<\/p>\n<ul>\n<li><span style=\"color: #003366;\">Ideal para proyectos web m\u00faltiples y de mayor exigencia.<\/span><\/li>\n<li><span style=\"color: #003366;\">Dominio gratis el primer a\u00f1o.<\/span><\/li>\n<li><span style=\"color: #003366;\">Certificado SSL gratis.<\/span><\/li>\n<li><span style=\"color: #003366;\">Protecci\u00f3n anti-spam.<\/span><\/li>\n<li><span style=\"color: #003366;\">Correo electr\u00f3nico ilimitado.<\/span><\/li>\n<li><span style=\"color: #003366;\">Bases de datos ilimitadas.<\/span><\/li>\n<li><span style=\"color: #003366;\">Almacenamiento ilimitado.<\/span><\/li>\n<li><span style=\"color: #003366;\">Panel de control Plesk.<\/span><\/li>\n<\/ul>\n<p>[\/qodef_pricing_table][qodef_pricing_table title=&#8221;A la medida&#8221; show_button=&#8221;yes&#8221; active=&#8221;no&#8221; price=&#8221;Cot\u00edzalo&#8221; button_text=&#8221;M\u00e1s informaci\u00f3n&#8221; link=&#8221;https:\/\/nextiait.com\/index.php\/web-hosting\/#contactohost&#8221; currency=&#8221;-&#8221; price_period=&#8221;anual&#8221;]<\/p>\n<ul>\n<li><span style=\"color: #003366;\">Para proyectos web robustos.<\/span><\/li>\n<li><span style=\"color: #003366;\">Servidor Virtual Administrado.<\/span><\/li>\n<li><span style=\"color: #003366;\">M\u00faltiples sitios web.<\/span><\/li>\n<li><span style=\"color: #003366;\">C\u00f3mputo en la nube de acuerdo a tus necesidades.<\/span><\/li>\n<li><span style=\"color: #003366;\">Protecci\u00f3n anti-spam.<\/span><\/li>\n<li><span style=\"color: #003366;\">Alto nivel de rendimiento.<\/span><\/li>\n<li><span style=\"color: #003366;\">Con opci\u00f3n a IP dedicada.<\/span><\/li>\n<li><span style=\"color: #003366;\">Panel de control Plesk.<\/span><\/li>\n<\/ul>\n<p>[\/qodef_pricing_table][\/qodef_pricing_tables][\/vc_column][\/vc_row][vc_row content_width=&#8221;grid&#8221; content_aligment=&#8221;center&#8221; css=&#8221;.vc_custom_1638148774935{background-color: #f5f5f5 !important;}&#8221;][vc_column css=&#8221;.vc_custom_1638148934373{padding-top: 20px !important;}&#8221;][vc_column_text]<\/p>\n<h2>Caracter\u00edsticas<\/h2>\n<p>[\/vc_column_text][vc_empty_space height=&#8221;18px&#8221;][\/vc_column][\/vc_row][vc_row content_width=&#8221;grid&#8221; css=&#8221;.vc_custom_1638149025098{padding-top: 15px !important;padding-bottom: 15px !important;background-color: #f5f5f5 !important;}&#8221;][vc_column width=&#8221;1\/3&#8243;][qodef_icon_with_text icon_pack=&#8221;font_awesome&#8221; fa_icon=&#8221;&#8221; icon_position=&#8221;top&#8221; icon_type=&#8221;normal&#8221; icon_size=&#8221;qodef-icon-tiny&#8221; icon_animation=&#8221;&#8221; icon_margin=&#8221;0 0 40px 0&#8243; title=&#8221;F\u00e1cil de importar&#8221; title_tag=&#8221;h5&#8243; custom_icon=&#8221;2335&#8243; text=&#8221;Nosotros podemos importar tu sitio sin ning\u00fan costo, desde cualquier otro hosting.&#8221;][vc_empty_space height=&#8221;40px&#8221;][\/vc_column][vc_column width=&#8221;1\/3&#8243;][qodef_icon_with_text icon_pack=&#8221;font_awesome&#8221; fa_icon=&#8221;&#8221; icon_position=&#8221;top&#8221; icon_type=&#8221;normal&#8221; icon_size=&#8221;qodef-icon-tiny&#8221; icon_animation=&#8221;&#8221; title=&#8221;Actualizaciones autom\u00e1ticas&#8221; title_tag=&#8221;h5&#8243; custom_icon=&#8221;2343&#8243; text=&#8221;Todas las actualizaciones de software est\u00e1n incluidas y se hacen de forma autom\u00e1tica.&#8221;][vc_empty_space height=&#8221;40px&#8221;][\/vc_column][vc_column width=&#8221;1\/3&#8243;][qodef_icon_with_text icon_pack=&#8221;font_awesome&#8221; fa_icon=&#8221;&#8221; icon_position=&#8221;top&#8221; icon_type=&#8221;normal&#8221; icon_size=&#8221;qodef-icon-tiny&#8221; icon_animation=&#8221;&#8221; title=&#8221;Registro de dominio&#8221; title_tag=&#8221;h5&#8243; custom_icon=&#8221;2344&#8243; text=&#8221;El registro del nombre de tu dominio, incluido en todos los paquetes preconfigurados.&#8221;][vc_empty_space height=&#8221;40px&#8221;][\/vc_column][\/vc_row][vc_row content_width=&#8221;grid&#8221; css=&#8221;.vc_custom_1637616154553{padding-top: 80px !important;background-color: #282d33 !important;}&#8221;][vc_column offset=&#8221;vc_col-lg-4 vc_col-md-4&#8243;][qodef_icon_with_text icon_pack=&#8221;ion_icons&#8221; ion_icon=&#8221;ion-ios-speedometer&#8221; icon_position=&#8221;left&#8221; icon_type=&#8221;normal&#8221; icon_size=&#8221;qodef-icon-tiny&#8221; icon_animation=&#8221;&#8221; icon_margin=&#8221;0 0 10px 0&#8243; title=&#8221;Velocidad&#8221; title_tag=&#8221;h5&#8243; custom_icon_size=&#8221;38&#8243; icon_color=&#8221;#ffffff&#8221; icon_hover_color=&#8221;#ffffff&#8221; title_color=&#8221;#ffffff&#8221; text=&#8221;El servidor web y el almacenamiento est\u00e1n en la misma plataforma, lo que har\u00e1 que tu p\u00e1gina se cargue m\u00e1s r\u00e1pido.&#8221; text_color=&#8221;#c3c3c3&#8243; text_left_padding=&#8221;68&#8243;][vc_empty_space height=&#8221;60px&#8221;][\/vc_column][vc_column offset=&#8221;vc_col-lg-4 vc_col-md-4&#8243;][qodef_icon_with_text icon_pack=&#8221;simple_line_icons&#8221; simple_line_icons=&#8221;icon-lock&#8221; icon_position=&#8221;left&#8221; icon_type=&#8221;normal&#8221; icon_size=&#8221;qodef-icon-tiny&#8221; icon_animation=&#8221;&#8221; icon_margin=&#8221;0 0 10px 0&#8243; title=&#8221;Seguridad&#8221; title_tag=&#8221;h5&#8243; custom_icon_size=&#8221;38&#8243; icon_color=&#8221;#ffffff&#8221; icon_hover_color=&#8221;#ffffff&#8221; title_color=&#8221;#ffffff&#8221; text=&#8221;Gracias a nuestra protecci\u00f3n contra ataques de denegaci\u00f3n de servicio distribuido (DDoS), tu p\u00e1gina se encuentra protegida contra amenazas y te mantiene online.&#8221; text_color=&#8221;#c3c3c3&#8243; text_left_padding=&#8221;68&#8243;][vc_empty_space height=&#8221;60px&#8221;][\/vc_column][vc_column offset=&#8221;vc_col-lg-4 vc_col-md-4&#8243;][qodef_icon_with_text icon_pack=&#8221;font_awesome&#8221; fa_icon=&#8221;fa-diamond&#8221; icon_position=&#8221;left&#8221; icon_type=&#8221;normal&#8221; icon_size=&#8221;qodef-icon-tiny&#8221; icon_animation=&#8221;&#8221; icon_margin=&#8221;0 0 10px 0&#8243; title=&#8221;Tecnolog\u00eda de punta&#8221; title_tag=&#8221;h5&#8243; custom_icon_size=&#8221;38&#8243; icon_color=&#8221;#ffffff&#8221; icon_hover_color=&#8221;#ffffff&#8221; title_color=&#8221;#ffffff&#8221; text=&#8221;Railgun CDN distribuye tu p\u00e1gina web autom\u00e1ticamente a m\u00e1s de 60 centros de datos en todo el mundo, por lo que el tiempo de carga disminuye, independientemente de donde se encuentren tus visitantes.&#8221; text_color=&#8221;#c3c3c3&#8243; text_left_padding=&#8221;68&#8243;][vc_empty_space height=&#8221;60px&#8221;][\/vc_column][\/vc_row][vc_row content_width=&#8221;grid&#8221; css=&#8221;.vc_custom_1637616211865{padding-bottom: 20px !important;background-color: #282d33 !important;}&#8221;][vc_column offset=&#8221;vc_col-lg-4 vc_col-md-4&#8243;][qodef_icon_with_text icon_pack=&#8221;ion_icons&#8221; ion_icon=&#8221;ion-android-refresh&#8221; icon_position=&#8221;left&#8221; icon_type=&#8221;normal&#8221; icon_size=&#8221;qodef-icon-tiny&#8221; icon_animation=&#8221;&#8221; icon_margin=&#8221;0 0 10px 0&#8243; title=&#8221;Respaldos autom\u00e1ticos&#8221; title_tag=&#8221;h5&#8243; custom_icon_size=&#8221;38&#8243; icon_color=&#8221;#ffffff&#8221; icon_hover_color=&#8221;#ffffff&#8221; title_color=&#8221;#ffffff&#8221; text=&#8221;Las copias de seguridad se guardan autom\u00e1ticamente con los datos de hasta seis d\u00edas, lo que te permite recuperar archivos de los puntos de restauraci\u00f3n si algo se elimina o se pierde.&#8221; text_color=&#8221;#c3c3c3&#8243; text_left_padding=&#8221;68&#8243;][vc_empty_space height=&#8221;60px&#8221;][\/vc_column][vc_column offset=&#8221;vc_col-lg-4 vc_col-md-4&#8243;][qodef_icon_with_text icon_pack=&#8221;font_awesome&#8221; fa_icon=&#8221;fa-lock&#8221; icon_position=&#8221;left&#8221; icon_type=&#8221;normal&#8221; icon_size=&#8221;qodef-icon-tiny&#8221; icon_animation=&#8221;&#8221; icon_margin=&#8221;0 0 10px 0&#8243; title=&#8221;SSL Certificado de seguridad&#8221; title_tag=&#8221;h5&#8243; custom_icon_size=&#8221;38&#8243; icon_color=&#8221;#ffffff&#8221; icon_hover_color=&#8221;#ffffff&#8221; title_color=&#8221;#ffffff&#8221; text=&#8221;Todos los paquetes incluyen un certificado Wildcard SSL gratuito de Let&#8217;s Encrypt para protegerte contra el malware. SiteLock escanea tus p\u00e1ginas web y te previene de posibles amenazas.&#8221; text_color=&#8221;#c3c3c3&#8243; text_left_padding=&#8221;68&#8243;][vc_empty_space height=&#8221;60px&#8221;][\/vc_column][vc_column offset=&#8221;vc_col-lg-4 vc_col-md-4&#8243;][qodef_icon_with_text icon_pack=&#8221;simple_line_icons&#8221; simple_line_icons=&#8221;icon-note&#8221; icon_position=&#8221;left&#8221; icon_type=&#8221;normal&#8221; icon_size=&#8221;qodef-icon-tiny&#8221; icon_animation=&#8221;&#8221; icon_margin=&#8221;0 0 10px 0&#8243; title=&#8221;Soporte t\u00e9cnico&#8221; title_tag=&#8221;h5&#8243; custom_icon_size=&#8221;38&#8243; icon_color=&#8221;#ffffff&#8221; icon_hover_color=&#8221;#ffffff&#8221; title_color=&#8221;#ffffff&#8221; text=&#8221;Nuestro servicio de soporte t\u00e9cnico te ayudar\u00e1 a resolver todas las dudas t\u00e9cnicas que puedas tener sobre nuestros servicios de hosting, a trav\u00e9s de nuestra plataforma de soporte.&#8221; text_color=&#8221;#c3c3c3&#8243; text_left_padding=&#8221;68&#8243;][vc_empty_space height=&#8221;60px&#8221;][\/vc_column][\/vc_row][vc_row css=&#8221;.vc_custom_1637741392501{padding-top: 30px !important;}&#8221;][vc_column][vc_column_text css=&#8221;.vc_custom_1638152178959{padding-top: 20px !important;padding-bottom: 20px !important;}&#8221;]<\/p>\n<h2 style=\"text-align: center;\">Art\u00edculos destacados sobre Web Hosting<\/h2>\n<p>[\/vc_column_text][vc_column_text css=&#8221;.vc_custom_1637741884091{padding-bottom: 50px !important;}&#8221;]<\/p>\n<p style=\"text-align: center;\"><span style=\"color: #000000;\">Encuentra en nuestro blog interesantes art\u00edculos sobre servicios de soporte t\u00e9cnico remoto<\/span><\/p>\n<p>[\/vc_column_text][qodef_elements_holder number_of_columns=&#8221;three-columns&#8221;][qodef_elements_holder_item background_color=&#8221;#3d4248&#8243; item_padding=&#8221;9% 21% 11% 16%&#8221;][vc_empty_space height=&#8221;2px&#8221;][vc_column_text]<\/p>\n<h3><span style=\"color: #ffffff; font-size: 28px;\">Fully Responsive<\/span><\/h3>\n<p>[\/vc_column_text][vc_empty_space height=&#8221;2px&#8221;][vc_column_text]<span style=\"color: #ffffff;\">Lorem ipsum dolor sit amet, consectetuer adipiscing elit, sed diam nonummy nibh euismod tincidunt ut laoreet dolore magna aliquam erat volutpat. Ut wisi enim ad minim veniam, quis\u00a0<\/span>[\/vc_column_text][vc_empty_space height=&#8221;25px&#8221;][qodef_button size=&#8221;small&#8221; type=&#8221;solid&#8221; target=&#8221;_self&#8221; icon_pack=&#8221;&#8221; font_weight=&#8221;&#8221; fix_bottom=&#8221;no&#8221; text=&#8221;Leer m\u00e1s&#8230;&#8221; link=&#8221;#&#8221; background_color=&#8221;#ffffff&#8221; color=&#8221;#282d33&#8243; hover_color=&#8221;#ffffff&#8221;][\/qodef_elements_holder_item][qodef_elements_holder_item background_color=&#8221;#d8d8d8&#8243; background_image=&#8221;5167&#8243; item_padding=&#8221;9% 21% 11% 16%&#8221;][vc_empty_space height=&#8221;2px&#8221;][vc_column_text]<\/p>\n<h3><span style=\"color: #ffffff; font-size: 28px;\">WooCommerce Integrated<\/span><\/h3>\n<p>[\/vc_column_text][vc_empty_space height=&#8221;2px&#8221;][vc_column_text]<span style=\"color: #ffffff;\">Lorem ipsum dolor sit amet, consectetuer adipiscing elit, sed diam nonummy nibh euismod tincidunt ut laoreet dolore magna aliquam erat volutpat. Ut wisi enim ad minim veniam, quis\u00a0<\/span>[\/vc_column_text][vc_empty_space height=&#8221;25px&#8221;][qodef_button size=&#8221;small&#8221; type=&#8221;&#8221; target=&#8221;_self&#8221; icon_pack=&#8221;&#8221; font_weight=&#8221;&#8221; fix_bottom=&#8221;no&#8221; text=&#8221;Leer m\u00e1s&#8230;&#8221; link=&#8221;#&#8221;][\/qodef_elements_holder_item][qodef_elements_holder_item background_color=&#8221;#f0f0f0&#8243; item_padding=&#8221;9% 21% 11% 16%&#8221;][vc_empty_space height=&#8221;2px&#8221;][vc_column_text]<\/p>\n<h2><span style=\"font-size: 28px;\">Pixel-Perfect Design<\/span><\/h2>\n<p>[\/vc_column_text][vc_empty_space height=&#8221;2px&#8221;][vc_column_text]Lorem ipsum dolor sit amet, consectetuer adipiscing elit, sed diam nonummy nibh euismod tincidunt ut laoreet dolore magna aliquam erat volutpat. Ut wisi enim ad minim veniam, quis[\/vc_column_text][vc_empty_space height=&#8221;25px&#8221;][qodef_button size=&#8221;small&#8221; type=&#8221;&#8221; target=&#8221;_self&#8221; icon_pack=&#8221;&#8221; font_weight=&#8221;&#8221; fix_bottom=&#8221;no&#8221; text=&#8221;Leer m\u00e1s&#8230;&#8221; link=&#8221;#&#8221;][\/qodef_elements_holder_item][\/qodef_elements_holder][vc_empty_space css=&#8221;.vc_custom_1637741838393{padding-top: 25px !important;padding-bottom: 25px !important;}&#8221;][\/vc_column][\/vc_row][vc_row content_width=&#8221;grid&#8221; css=&#8221;.vc_custom_1637742187134{padding-top: 25px !important;padding-bottom: 20px !important;background-color: #282d33 !important;}&#8221;][vc_column width=&#8221;1\/2&#8243; css=&#8221;.vc_custom_1637738513889{padding-top: 20px !important;padding-bottom: 20px !important;}&#8221;][vc_column_text]<\/p>\n<h2 style=\"text-align: center;\"><span style=\"color: #ffffff;\">Solicita mayor informaci\u00f3n<\/span><\/h2>\n<p>[\/vc_column_text][\/vc_column][vc_column width=&#8221;1\/2&#8243; css=&#8221;.vc_custom_1637738497041{padding-top: 20px !important;padding-right: 100px !important;padding-bottom: 20px !important;padding-left: 120px !important;}&#8221;][vc_btn title=&#8221;Solicitar m\u00e1s informaci\u00f3n&#8221; style=&#8221;outline&#8221; color=&#8221;orange&#8221; size=&#8221;lg&#8221; align=&#8221;center&#8221; button_block=&#8221;true&#8221; link=&#8221;url:https%3A%2F%2Fnextiait.com%2Findex.php%2Fweb-hosting%2F%23contactohost|title:Service%20Desk&#8221;][\/vc_column][\/vc_row][vc_row row_type=&#8221;parallax&#8221; content_width=&#8221;grid&#8221; content_aligment=&#8221;center&#8221; full_screen_section_height=&#8221;no&#8221; parallax_background_image=&#8221;4400&#8243; css=&#8221;.vc_custom_1465819013040{padding-top: 93px !important;padding-bottom: 72px !important;}&#8221;][vc_column][vc_column_text]<\/p>\n<h2 style=\"text-align: center;\"><span style=\"color: #ffffff; font-size: 38px;\">Testimonios de nuestros clientes<\/span><\/h2>\n<p>[\/vc_column_text][vc_empty_space height=&#8221;19px&#8221;][vc_column_text]<\/p>\n<h4><span style=\"color: #ffffff;\">La experiencia en el servicio por parte de nuestros clientes nos respalda<\/span><\/h4>\n<p>[\/vc_column_text][vc_empty_space height=&#8221;70px&#8221;][qodef_testimonials skin=&#8221;light&#8221; show_title=&#8221;yes&#8221; show_author=&#8221;yes&#8221; show_position=&#8221;yes&#8221; category=&#8221;home-main&#8221; author_color=&#8221;#ffffff&#8221;][\/vc_column][\/vc_row][vc_row css=&#8221;.vc_custom_1637724005424{padding-top: 33px !important;padding-bottom: 33px !important;}&#8221;][vc_column css=&#8221;.vc_custom_1637742174982{padding-top: 15px !important;padding-bottom: 30px !important;}&#8221;][qodef_separator position=&#8221;center&#8221; color=&#8221;#72abdc&#8221; thickness=&#8221;15&#8243;][vc_column_text css=&#8221;.vc_custom_1637637092695{padding-bottom: 20px !important;}&#8221;]<\/p>\n<h2 style=\"text-align: center;\">Algunos de nuestros clientes<\/h2>\n<p>[\/vc_column_text][qodef_carousel carousel=&#8221;home-main&#8221; number_of_items=&#8221;5&#8243; autoplay_timeout=&#8221;3&#8243; image_animation=&#8221;image-zoom&#8221; show_navigation=&#8221;no&#8221;][\/vc_column][\/vc_row][vc_row content_aligment=&#8221;center&#8221; css=&#8221;.vc_custom_1638148303525{padding-top: 25px !important;padding-bottom: 25px !important;background-color: #282d33 !important;}&#8221; el_id=&#8221;contactohost&#8221;][vc_column offset=&#8221;vc_col-md-12&#8243; css=&#8221;.vc_custom_1638149143588{padding-top: 15px !important;padding-bottom: 15px !important;}&#8221;][vc_column_text]<\/p>\n<p style=\"font-size: 32px; text-align: center;\"><span style=\"color: #ffffff;\"><strong>Queremos escucharte<\/strong><\/span><\/p>\n<p>[\/vc_column_text][\/vc_column][\/vc_row][vc_row css=&#8221;.vc_custom_1637728198921{background-color: #e2e2e2 !important;}&#8221;][vc_column width=&#8221;1\/2&#8243; css=&#8221;.vc_custom_1637728257115{padding-top: 50px !important;padding-right: 80px !important;padding-left: 80px !important;}&#8221;][vc_column_text]<\/p>\n<h3 style=\"text-align: center;\"><strong><span style=\"color: #003366;\">Para contrataciones u obtener mayor informaci\u00f3n sobre el servicio de soporte t\u00e9cnico, cont\u00e1ctanos.<\/span><\/strong><\/h3>\n<p>[\/vc_column_text][vc_empty_space height=&#8221;25px&#8221; css=&#8221;.vc_custom_1637722683959{padding-top: 10px !important;padding-bottom: 10px !important;}&#8221;][vc_column_text]<\/p>\n<h4 style=\"text-align: left;\"><a style=\"font-size: 16px;\" href=\"https:\/\/api.whatsapp.com\/send?phone=5577537510\"><strong><img loading=\"lazy\" decoding=\"async\" class=\"wp-image-5712 size-full alignleft\" src=\"https:\/\/nextiait.com\/wp-content\/uploads\/2021\/11\/whatsapp-2.png\" alt=\"\" width=\"65\" height=\"49\" \/><\/strong><\/a><a style=\"color: #000000;\" href=\"https:\/\/api.whatsapp.com\/send?phone=5577537510\"><strong>Whatsapp<\/strong><\/a><\/h4>\n<hr \/>\n<p>[\/vc_column_text][vc_empty_space height=&#8221;25px&#8221; css=&#8221;.vc_custom_1637722683959{padding-top: 10px !important;padding-bottom: 10px !important;}&#8221;][vc_column_text]<\/p>\n<div style=\"text-align: left;\">\n<div class=\" text-center text-bold text-m \" style=\"text-align: left;\"><a href=\"tel:5577537510\"><strong><img loading=\"lazy\" decoding=\"async\" class=\"wp-image-5713 size-full alignleft\" src=\"https:\/\/nextiait.com\/wp-content\/uploads\/2021\/11\/phone-2.png\" alt=\"\" width=\"51\" height=\"46\" \/><\/strong><\/a><\/div>\n<\/div>\n<h4><a style=\"color: #333333;\" href=\"tel:5577537510\"><strong>55-7753-7510<\/strong><\/a><\/h4>\n<div>\n<hr \/>\n<\/div>\n<p>[\/vc_column_text][vc_empty_space height=&#8221;25px&#8221;][vc_column_text]<\/p>\n<div style=\"text-align: left;\">\n<div class=\" text-center text-bold text-m \"><img loading=\"lazy\" decoding=\"async\" class=\"wp-image-5714 size-full alignleft\" src=\"https:\/\/nextiait.com\/wp-content\/uploads\/2021\/11\/mail-2.png\" alt=\"\" width=\"62\" height=\"42\" \/><\/div>\n<h4 class=\" text-center text-bold text-m \"><span style=\"color: #333333;\"><a style=\"color: #333333;\" href=\"mailto:contacto@nextiait.com\"><strong>contacto@nextiait.com<\/strong><\/a><\/span><\/h4>\n<\/div>\n<div class=\"col-md-12 hc_text_block_cnt\">\n<div>\n<hr \/>\n<\/div>\n<div id=\"qPxGy\" class=\" text-center text-s \" style=\"text-align: left;\"><\/div>\n<\/div>\n<p>[\/vc_column_text][vc_empty_space height=&#8221;25px&#8221;][vc_column_text css=&#8221;.vc_custom_1637728397596{padding-top: 15px !important;}&#8221;]<\/p>\n<div style=\"text-align: center;\">\n<h4><\/h4>\n<h4 class=\" text-center text-bold text-m \"><span style=\"color: #000000;\"><strong>Horario de atenci\u00f3n: Lunes a viernes de 9:00 a 18:00.<\/strong><\/span><\/h4>\n<\/div>\n<p>[\/vc_column_text][vc_empty_space height=&#8221;65px&#8221; css=&#8221;.vc_custom_1637723918289{padding-top: 40px !important;padding-bottom: 40px !important;}&#8221;][\/vc_column][vc_column width=&#8221;1\/2&#8243; css=&#8221;.vc_custom_1637702049790{padding-right: 100px !important;padding-left: 100px !important;}&#8221;][vc_empty_space height=&#8221;15px&#8221;][vc_column_text]<\/p>\n<p style=\"text-align: center;\"><span style=\"color: #000000;\"><strong>Completa el siguiente formulario con tus datos de contacto y tu consulta y en breve nos pondremos en contacto.<\/strong><\/span><\/p>\n<p>[\/vc_column_text][contact-form-7 id=&#8221;6087&#8243; html_class=&#8221;cf7_custom_style_1&#8243;][\/vc_column][\/vc_row][vc_row][vc_column][vc_column_text]<\/p>\n<p>[\/vc_column_text][\/vc_column][\/vc_row]<\/p>\n","protected":false},"excerpt":{"rendered":"<p>[vc_row content_width=&#8221;grid&#8221; content_aligment=&#8221;center&#8221; css=&#8221;.vc_custom_1638148613982{padding-top: 30px !important;padding-bottom: 15px !important;}&#8221;][vc_column][vc_column_text] Tenemos los mejores paquetes de hospedaje web para tu negocio [\/vc_column_text][vc_empty_space height=&#8221;18px&#8221;][vc_column_text] Contrata el paquete m\u00e1s adecuado y sin pagar cargos administrativos ocultos o por servicios que no utilizas.\u00a0 Adem\u00e1s te damos la garant\u00eda de alta disponibilidad&#8230;<\/p>\n","protected":false},"author":1,"featured_media":0,"parent":0,"menu_order":0,"comment_status":"closed","ping_status":"closed","template":"full-width.php","meta":{"footnotes":""},"class_list":["post-2522","page","type-page","status-publish","hentry"],"_links":{"self":[{"href":"https:\/\/nextiait.com\/index.php\/wp-json\/wp\/v2\/pages\/2522","targetHints":{"allow":["GET"]}}],"collection":[{"href":"https:\/\/nextiait.com\/index.php\/wp-json\/wp\/v2\/pages"}],"about":[{"href":"https:\/\/nextiait.com\/index.php\/wp-json\/wp\/v2\/types\/page"}],"author":[{"embeddable":true,"href":"https:\/\/nextiait.com\/index.php\/wp-json\/wp\/v2\/users\/1"}],"replies":[{"embeddable":true,"href":"https:\/\/nextiait.com\/index.php\/wp-json\/wp\/v2\/comments?post=2522"}],"version-history":[{"count":41,"href":"https:\/\/nextiait.com\/index.php\/wp-json\/wp\/v2\/pages\/2522\/revisions"}],"predecessor-version":[{"id":6128,"href":"https:\/\/nextiait.com\/index.php\/wp-json\/wp\/v2\/pages\/2522\/revisions\/6128"}],"wp:attachment":[{"href":"https:\/\/nextiait.com\/index.php\/wp-json\/wp\/v2\/media?parent=2522"}],"curies":[{"name":"wp","href":"https:\/\/api.w.org\/{rel}","templated":true}]}}