{"id":2471,"date":"2016-05-04T11:46:23","date_gmt":"2016-05-04T11:46:23","guid":{"rendered":"http:\/\/ayro.select-themes.com\/?page_id=2471"},"modified":"2021-11-24T08:43:10","modified_gmt":"2021-11-24T08:43:10","slug":"polizas-de-mantenimiento","status":"publish","type":"page","link":"https:\/\/nextiait.com\/index.php\/polizas-de-mantenimiento\/","title":{"rendered":"P\u00f3lizas de mantenimiento"},"content":{"rendered":"<p>[vc_row][vc_column width=&#8221;1\/4&#8243;][vc_column_text css=&#8221;.vc_custom_1637688366734{padding-top: 10px !important;padding-right: 20px !important;padding-bottom: 10px !important;padding-left: 40px !important;}&#8221;]<\/p>\n<p style=\"font-size: 30px; text-align: center;\"><span style=\"color: #003366;\">Mant\u00e9n tu equipo siempre funcionando<\/span><\/p>\n<p>[\/vc_column_text][vc_btn title=&#8221;Solicitar informaci\u00f3n&#8221; shape=&#8221;square&#8221; color=&#8221;primary&#8221; css=&#8221;.vc_custom_1637729851541{padding-top: 10px !important;padding-right: 50px !important;padding-bottom: 10px !important;padding-left: 90px !important;}&#8221; link=&#8221;url:https%3A%2F%2Fnextiait.com%2Findex.php%2Fpolizas-de-mantenimiento%2F%23contactopolizas&#8221;][\/vc_column][vc_column width=&#8221;3\/4&#8243;][vc_column_text css=&#8221;.vc_custom_1637688414109{padding-top: 30px !important;padding-right: 50px !important;padding-bottom: 15px !important;padding-left: 25px !important;}&#8221;]<\/p>\n<p style=\"font-size: 20px; text-align: justify;\"><span style=\"color: #003366;\">El buen funcionamiento de tu equipo de c\u00f3mputo e infraestructura es uno de los factores m\u00e1s importantes que garantizan la continuidad del negocio. En Nextia, a trav\u00e9s de P\u00f3lizas de Mantenimiento Preventivo, podemos ayudarte a aumentar la productividad de tu equipo y reducir costos de operaci\u00f3n; de esta forma podr\u00e1s concentrarte en lo m\u00e1s importante: tu negocio.<\/span><\/p>\n<p>[\/vc_column_text][\/vc_column][\/vc_row][vc_row content_width=&#8221;grid&#8221; css=&#8221;.vc_custom_1637689496158{background-color: #f4f4f4 !important;}&#8221;][vc_column][vc_column_text css=&#8221;.vc_custom_1637690763209{padding-top: 10px !important;}&#8221;]<\/p>\n<p style=\"font-size: 20px; text-align: justify;\"><strong><span style=\"color: #003366;\">\u00bfQu\u00e9 es una p\u00f3liza de mantenimiento preventivo?<\/span><\/strong><\/p>\n<p>[\/vc_column_text]<div class=\"qodef-separator-holder clearfix  qodef-separator-left\">\n\t<div class=\"qodef-separator\" style=\"border-color: #ffc72c;width: 430px;border-bottom-width: 5px\"><\/div>\n<\/div>\n[\/vc_column][\/vc_row][vc_row content_width=&#8221;grid&#8221; css=&#8221;.vc_custom_1637689546728{background-color: #f4f4f4 !important;}&#8221;][vc_column width=&#8221;1\/2&#8243;][vc_column_text css=&#8221;.vc_custom_1637691230427{padding-bottom: 15px !important;}&#8221;]<\/p>\n<p style=\"font-size: 20px; text-align: justify;\"><span style=\"color: #003366;\">Es un contrato de servicio que brinda mantenimientos preventivos peri\u00f3dicos a tus equipos, con la finalidad de que se encuentren en las mejores condiciones para realizar el trabajo asignado. Los mantenimientos se realizan por t\u00e9cnicos capacitados con base en las recomendaciones del fabricante, utilizando refacciones originales cuando es necesario.<\/span><\/p>\n<p style=\"font-size: 20px; text-align: justify;\"><span style=\"color: #003366;\">Las p\u00f3lizas se dise\u00f1an a la medida de las necesidades de tu empresa, de tal forma que solo pagar\u00e1s por lo que realmente requieres.<\/span><\/p>\n<p>[\/vc_column_text][\/vc_column][vc_column width=&#8221;1\/2&#8243;][vc_single_image image=&#8221;5191&#8243; img_size=&#8221;380&#215;200&#8243; alignment=&#8221;center&#8221;][\/vc_column][\/vc_row][vc_row content_width=&#8221;grid&#8221; css=&#8221;.vc_custom_1637691400704{padding-top: 20px !important;}&#8221;][vc_column][vc_column_text css=&#8221;.vc_custom_1637691323441{padding-top: 10px !important;}&#8221;]<\/p>\n<p style=\"font-size: 20px; text-align: justify;\"><strong><span style=\"color: #003366;\">Beneficios de contratar una p\u00f3liza de mantenimiento preventivo<\/span><\/strong><\/p>\n<p>[\/vc_column_text]<div class=\"qodef-separator-holder clearfix  qodef-separator-left\">\n\t<div class=\"qodef-separator\" style=\"border-color: #ffc72c;width: 560px;border-bottom-width: 5px\"><\/div>\n<\/div>\n[\/vc_column][\/vc_row][vc_row content_width=&#8221;grid&#8221;][vc_column width=&#8221;1\/2&#8243;]<div class=\"qodef-icon-list-item\">\n\t<div class=\"qodef-icon-list-icon-holder\">\n        <div class=\"qodef-icon-list-icon-holder-inner clearfix\">\n\t\t\t<i class=\"qodef-icon-font-awesome fa fa-check \" style=\"color:#72abdc;font-size:20px\" ><\/i>\t\t<\/div>\n\t<\/div>\n\t<p class=\"qodef-icon-list-text\" style=\"color:#003366;font-size:20px\" > Reducci\u00f3n de costos de mantenimiento.<\/p>\n<\/div><div class=\"qodef-icon-list-item\">\n\t<div class=\"qodef-icon-list-icon-holder\">\n        <div class=\"qodef-icon-list-icon-holder-inner clearfix\">\n\t\t\t<i class=\"qodef-icon-font-awesome fa fa-check \" style=\"color:#72abdc;font-size:20px\" ><\/i>\t\t<\/div>\n\t<\/div>\n\t<p class=\"qodef-icon-list-text\" style=\"color:#003366;font-size:20px\" > Detecci\u00f3n oportuna de fallas.<\/p>\n<\/div><div class=\"qodef-icon-list-item\">\n\t<div class=\"qodef-icon-list-icon-holder\">\n        <div class=\"qodef-icon-list-icon-holder-inner clearfix\">\n\t\t\t<i class=\"qodef-icon-font-awesome fa fa-check \" style=\"color:#72abdc;font-size:20px\" ><\/i>\t\t<\/div>\n\t<\/div>\n\t<p class=\"qodef-icon-list-text\" style=\"color:#003366;font-size:20px\" > Limpieza y mantenimiento preventivo del hardware<\/p>\n<\/div><div class=\"qodef-icon-list-item\">\n\t<div class=\"qodef-icon-list-icon-holder\">\n        <div class=\"qodef-icon-list-icon-holder-inner clearfix\">\n\t\t\t<i class=\"qodef-icon-font-awesome fa fa-check \" style=\"color:#72abdc;font-size:20px\" ><\/i>\t\t<\/div>\n\t<\/div>\n\t<p class=\"qodef-icon-list-text\" style=\"color:#003366;font-size:20px\" > Verificaci\u00f3n y actualizaci\u00f3n de software.<\/p>\n<\/div><div class=\"qodef-icon-list-item\">\n\t<div class=\"qodef-icon-list-icon-holder\">\n        <div class=\"qodef-icon-list-icon-holder-inner clearfix\">\n\t\t\t<i class=\"qodef-icon-font-awesome fa fa-check \" style=\"color:#72abdc;font-size:20px\" ><\/i>\t\t<\/div>\n\t<\/div>\n\t<p class=\"qodef-icon-list-text\" style=\"color:#003366;font-size:20px\" > Diagn\u00f3stico y verificaci\u00f3n del equipo.<\/p>\n<\/div>[\/vc_column][vc_column width=&#8221;1\/2&#8243;]<div class=\"qodef-icon-list-item\">\n\t<div class=\"qodef-icon-list-icon-holder\">\n        <div class=\"qodef-icon-list-icon-holder-inner clearfix\">\n\t\t\t<i class=\"qodef-icon-font-awesome fa fa-check \" style=\"color:#72abdc;font-size:20px\" ><\/i>\t\t<\/div>\n\t<\/div>\n\t<p class=\"qodef-icon-list-text\" style=\"color:#003366;font-size:20px\" > Aumento de productividad al evitar fallas inesperadas<\/p>\n<\/div><div class=\"qodef-icon-list-item\">\n\t<div class=\"qodef-icon-list-icon-holder\">\n        <div class=\"qodef-icon-list-icon-holder-inner clearfix\">\n\t\t\t<i class=\"qodef-icon-font-awesome fa fa-check \" style=\"color:#72abdc;font-size:20px\" ><\/i>\t\t<\/div>\n\t<\/div>\n\t<p class=\"qodef-icon-list-text\" style=\"color:#003366;font-size:20px\" > Extensi\u00f3n de vida \u00fatil del equipo<\/p>\n<\/div><div class=\"qodef-icon-list-item\">\n\t<div class=\"qodef-icon-list-icon-holder\">\n        <div class=\"qodef-icon-list-icon-holder-inner clearfix\">\n\t\t\t<i class=\"qodef-icon-font-awesome fa fa-check \" style=\"color:#72abdc;font-size:20px\" ><\/i>\t\t<\/div>\n\t<\/div>\n\t<p class=\"qodef-icon-list-text\" style=\"color:#003366;font-size:20px\" > Uso de refacciones originales<\/p>\n<\/div><div class=\"qodef-icon-list-item\">\n\t<div class=\"qodef-icon-list-icon-holder\">\n        <div class=\"qodef-icon-list-icon-holder-inner clearfix\">\n\t\t\t<i class=\"qodef-icon-font-awesome fa fa-check \" style=\"color:#72abdc;font-size:20px\" ><\/i>\t\t<\/div>\n\t<\/div>\n\t<p class=\"qodef-icon-list-text\" style=\"color:#003366;font-size:20px\" > Mano de obra con t\u00e9cnicos certificados<\/p>\n<\/div><div class=\"qodef-icon-list-item\">\n\t<div class=\"qodef-icon-list-icon-holder\">\n        <div class=\"qodef-icon-list-icon-holder-inner clearfix\">\n\t\t\t<i class=\"qodef-icon-font-awesome fa fa-check \" style=\"color:#72abdc;font-size:20px\" ><\/i>\t\t<\/div>\n\t<\/div>\n\t<p class=\"qodef-icon-list-text\" style=\"color:#003366;font-size:20px\" > Esquemas de pago flexibles<\/p>\n<\/div>[\/vc_column][\/vc_row][vc_row content_width=&#8221;grid&#8221; css=&#8221;.vc_custom_1637697307626{padding-top: 20px !important;padding-bottom: 20px !important;}&#8221;][vc_column css=&#8221;.vc_custom_1637693551141{padding-right: 100px !important;padding-left: 45px !important;}&#8221;][vc_column_text]<\/p>\n<p style=\"font-size: 16px; text-align: left;\"><span style=\"color: #000000;\">Independientemente de la marca, modelo y\/o edad de los equipos o del software con el que lo utilices, puedes contratar una P\u00f3liza de Mantenimiento Preventivo.<\/span><\/p>\n<p>[\/vc_column_text][\/vc_column][\/vc_row][vc_row row_type=&#8221;parallax&#8221; content_aligment=&#8221;center&#8221; full_screen_section_height=&#8221;no&#8221; parallax_background_image=&#8221;2659&#8243; css=&#8221;.vc_custom_1637697561588{padding-top: 20px !important;padding-bottom: 20px !important;background-color: #f4f4f4 !important;}&#8221;][vc_column offset=&#8221;vc_col-md-12&#8243;][vc_column_text css=&#8221;.vc_custom_1637696853786{padding-top: 10px !important;}&#8221;]<\/p>\n<p style=\"font-size: 26px; text-align: center;\"><strong><span style=\"color: #003366;\">Descuentos Especiales<\/span><\/strong><\/p>\n<p>[\/vc_column_text]<div class=\"qodef-separator-holder clearfix  qodef-separator-center\">\n\t<div class=\"qodef-separator\" style=\"border-color: #ffc72c;width: 250px;border-bottom-width: 5px\"><\/div>\n<\/div>\n[vc_column_text]<\/p>\n<h3 style=\"text-align: center;\"><span style=\"color: #ffffff;\">Canales de Atenci\u00f3n<\/span><\/h3>\n<p>[\/vc_column_text][\/vc_column][\/vc_row][vc_row row_type=&#8221;parallax&#8221; content_aligment=&#8221;center&#8221; full_screen_section_height=&#8221;no&#8221; parallax_background_image=&#8221;2659&#8243; css=&#8221;.vc_custom_1637697139555{padding-top: 40px !important;padding-bottom: 40px !important;background-color: #f4f4f4 !important;}&#8221;][vc_column offset=&#8221;vc_col-md-4&#8243;][vc_single_image image=&#8221;5575&#8243; alignment=&#8221;right&#8221;][vc_empty_space height=&#8221;34px&#8221;][\/vc_column][vc_column offset=&#8221;vc_col-md-4&#8243;][vc_single_image image=&#8221;5572&#8243; alignment=&#8221;center&#8221;][vc_empty_space height=&#8221;34px&#8221;][\/vc_column][vc_column offset=&#8221;vc_col-md-4&#8243;][vc_single_image image=&#8221;5571&#8243;][vc_empty_space height=&#8221;34px&#8221;][\/vc_column][\/vc_row][vc_row content_aligment=&#8221;center&#8221; css=&#8221;.vc_custom_1637743378720{padding-top: 25px !important;padding-bottom: 25px !important;background-color: #3d4248 !important;}&#8221; el_id=&#8221;contactopolizas&#8221;][vc_column offset=&#8221;vc_col-md-12&#8243;][vc_column_text]<\/p>\n<p style=\"font-size: 32px; text-align: center;\"><span style=\"color: #ffffff;\"><strong>Queremos escucharte<\/strong><\/span><\/p>\n<p>[\/vc_column_text][\/vc_column][\/vc_row][vc_row css=&#8221;.vc_custom_1637723954223{background-color: #f2f2f2 !important;}&#8221;][vc_column width=&#8221;1\/2&#8243; css=&#8221;.vc_custom_1637720675182{padding-right: 80px !important;padding-left: 80px !important;background-color: #f2f2f2 !important;}&#8221;][vc_column_text]<\/p>\n<h3 style=\"text-align: center;\"><strong><span style=\"color: #003366;\">Para contrataciones u obtener asesor\u00eda sobre el tipo de p\u00f3liza que requieren tus equipos, cont\u00e1ctanos.<\/span><\/strong><\/h3>\n<p>[\/vc_column_text][vc_empty_space height=&#8221;25px&#8221; css=&#8221;.vc_custom_1637722683959{padding-top: 10px !important;padding-bottom: 10px !important;}&#8221;][vc_column_text]<\/p>\n<h4 style=\"text-align: left;\"><a style=\"font-size: 16px;\" href=\"https:\/\/api.whatsapp.com\/send?phone=5577537510\"><strong><img loading=\"lazy\" decoding=\"async\" class=\"wp-image-5712 size-full alignleft\" src=\"https:\/\/nextiait.com\/wp-content\/uploads\/2021\/11\/whatsapp-2.png\" alt=\"\" width=\"65\" height=\"49\" \/><\/strong><\/a><a style=\"color: #000000;\" href=\"https:\/\/api.whatsapp.com\/send?phone=5577537510\"><strong>Whatsapp<\/strong><\/a><\/h4>\n<hr \/>\n<p>[\/vc_column_text][vc_empty_space height=&#8221;25px&#8221; css=&#8221;.vc_custom_1637722683959{padding-top: 10px !important;padding-bottom: 10px !important;}&#8221;][vc_column_text]<\/p>\n<div style=\"text-align: left;\">\n<div class=\" text-center text-bold text-m \" style=\"text-align: left;\"><a href=\"tel:5577537510\"><strong><img loading=\"lazy\" decoding=\"async\" class=\"wp-image-5713 size-full alignleft\" src=\"https:\/\/nextiait.com\/wp-content\/uploads\/2021\/11\/phone-2.png\" alt=\"\" width=\"51\" height=\"46\" \/><\/strong><\/a><\/div>\n<\/div>\n<h4><a style=\"color: #333333;\" href=\"tel:5577537510\"><strong>55-7753-7510<\/strong><\/a><\/h4>\n<div>\n<hr \/>\n<\/div>\n<p>[\/vc_column_text][vc_empty_space height=&#8221;25px&#8221;][vc_column_text]<\/p>\n<div style=\"text-align: left;\">\n<div class=\" text-center text-bold text-m \"><img loading=\"lazy\" decoding=\"async\" class=\"wp-image-5714 size-full alignleft\" src=\"https:\/\/nextiait.com\/wp-content\/uploads\/2021\/11\/mail-2.png\" alt=\"\" width=\"62\" height=\"42\" \/><\/div>\n<h4 class=\" text-center text-bold text-m \"><span style=\"color: #333333;\"><a style=\"color: #333333;\" href=\"mailto:contacto@nextiait.com\"><strong>contacto@nextiait.com<\/strong><\/a><\/span><\/h4>\n<\/div>\n<div class=\"col-md-12 hc_text_block_cnt\">\n<div>\n<hr \/>\n<\/div>\n<div id=\"qPxGy\" class=\" text-center text-s \" style=\"text-align: left;\"><\/div>\n<\/div>\n<p>[\/vc_column_text][vc_empty_space height=&#8221;25px&#8221;][vc_column_text]<\/p>\n<div style=\"text-align: center;\">\n<div class=\" text-center text-bold text-m \"><strong>Horario de atenci\u00f3n: Lunes a viernes de 9:00 a 18:00.<\/strong><\/div>\n<\/div>\n<p>[\/vc_column_text][vc_empty_space height=&#8221;65px&#8221; css=&#8221;.vc_custom_1637723918289{padding-top: 40px !important;padding-bottom: 40px !important;}&#8221;][\/vc_column][vc_column width=&#8221;1\/2&#8243; css=&#8221;.vc_custom_1637702049790{padding-right: 100px !important;padding-left: 100px !important;}&#8221;][vc_empty_space height=&#8221;15px&#8221;][vc_column_text]<\/p>\n<p style=\"text-align: center;\"><span style=\"color: #000000;\"><strong>Completa el siguiente formulario con tus datos de contacto y tu consulta y en breve nos pondremos en contacto.<\/strong><\/span><\/p>\n<p>[\/vc_column_text][contact-form-7 id=&#8221;5745&#8243; html_class=&#8221;cf7_custom_style_1&#8243;][\/vc_column][\/vc_row][vc_row css=&#8221;.vc_custom_1637724005424{padding-top: 33px !important;padding-bottom: 33px !important;}&#8221;][vc_column]<div class=\"qodef-separator-holder clearfix  qodef-separator-center\">\n\t<div class=\"qodef-separator\" style=\"border-color: #72abdc;border-bottom-width: 15px\"><\/div>\n<\/div>\n[vc_column_text css=&#8221;.vc_custom_1637637092695{padding-bottom: 20px !important;}&#8221;]<\/p>\n<h2 style=\"text-align: center;\">Algunos de nuestros clientes<\/h2>\n<p>[\/vc_column_text]<div class=\"qodef-carousel-holder clearfix\"><div class=\"qodef-carousel\" data-items=\"5\" data-navigation=\"no\" data-autoplay=\"3\"><div class=\"qodef-carousel-item-holder\">\r\n\t\t\t\t\t\t<span class=\"qodef-carousel-first-image-holder  qodef-image-zoom\">\r\n\t\t\t\t<img decoding=\"async\" src=\"https:\/\/nextiait.com\/wp-content\/uploads\/2021\/11\/EmbassyofIndia.png\" alt=\"1\">\r\n\t\t\t<\/span>\r\n\t\t\t\t\t<\/div><div class=\"qodef-carousel-item-holder\">\r\n\t\t\t\t\t\t<span class=\"qodef-carousel-first-image-holder  qodef-image-zoom\">\r\n\t\t\t\t<img decoding=\"async\" src=\"https:\/\/nextiait.com\/wp-content\/uploads\/2021\/11\/pranactivo.png\" alt=\"2\">\r\n\t\t\t<\/span>\r\n\t\t\t\t\t<\/div><div class=\"qodef-carousel-item-holder\">\r\n\t\t\t\t\t\t<span class=\"qodef-carousel-first-image-holder  qodef-image-zoom\">\r\n\t\t\t\t<img decoding=\"async\" src=\"https:\/\/nextiait.com\/wp-content\/uploads\/2021\/11\/muralistasmexicanos-1.png\" alt=\"3\">\r\n\t\t\t<\/span>\r\n\t\t\t\t\t<\/div><div class=\"qodef-carousel-item-holder\">\r\n\t\t\t\t\t\t<span class=\"qodef-carousel-first-image-holder  qodef-image-zoom\">\r\n\t\t\t\t<img decoding=\"async\" src=\"https:\/\/nextiait.com\/wp-content\/uploads\/2021\/11\/grupoimp.png\" alt=\"4\">\r\n\t\t\t<\/span>\r\n\t\t\t\t\t<\/div><div class=\"qodef-carousel-item-holder\">\r\n\t\t\t\t\t\t<span class=\"qodef-carousel-first-image-holder  qodef-image-zoom\">\r\n\t\t\t\t<img decoding=\"async\" src=\"https:\/\/nextiait.com\/wp-content\/uploads\/2021\/11\/neuro-fisiologo.png\" alt=\"5\">\r\n\t\t\t<\/span>\r\n\t\t\t\t\t<\/div><div class=\"qodef-carousel-item-holder\">\r\n\t\t\t\t\t\t<span class=\"qodef-carousel-first-image-holder  qodef-image-zoom\">\r\n\t\t\t\t<img decoding=\"async\" src=\"https:\/\/nextiait.com\/wp-content\/uploads\/2021\/11\/acupuntura-ryodoraku-1.png\" alt=\"6\">\r\n\t\t\t<\/span>\r\n\t\t\t\t\t<\/div><div class=\"qodef-carousel-item-holder\">\r\n\t\t\t\t\t\t<span class=\"qodef-carousel-first-image-holder  qodef-image-zoom\">\r\n\t\t\t\t<img decoding=\"async\" src=\"https:\/\/nextiait.com\/wp-content\/uploads\/2021\/11\/globallvoices.png\" alt=\"7\">\r\n\t\t\t<\/span>\r\n\t\t\t\t\t<\/div><div class=\"qodef-carousel-item-holder\">\r\n\t\t\t\t\t\t<span class=\"qodef-carousel-first-image-holder  qodef-image-zoom\">\r\n\t\t\t\t<img decoding=\"async\" src=\"https:\/\/nextiait.com\/wp-content\/uploads\/2021\/11\/spertodigital.png\" alt=\"8\">\r\n\t\t\t<\/span>\r\n\t\t\t\t\t<\/div><\/div><\/div>[\/vc_column][\/vc_row]<\/p>\n","protected":false},"excerpt":{"rendered":"<p>[vc_row][vc_column width=&#8221;1\/4&#8243;][vc_column_text css=&#8221;.vc_custom_1637688366734{padding-top: 10px !important;padding-right: 20px !important;padding-bottom: 10px !important;padding-left: 40px !important;}&#8221;] Mant\u00e9n tu equipo siempre funcionando [\/vc_column_text][vc_btn title=&#8221;Solicitar informaci\u00f3n&#8221; shape=&#8221;square&#8221; color=&#8221;primary&#8221; css=&#8221;.vc_custom_1637729851541{padding-top: 10px !important;padding-right: 50px !important;padding-bottom: 10px !important;padding-left: 90px !important;}&#8221; link=&#8221;url:https%3A%2F%2Fnextiait.com%2Findex.php%2Fpolizas-de-mantenimiento%2F%23contactopolizas&#8221;][\/vc_column][vc_column width=&#8221;3\/4&#8243;][vc_column_text css=&#8221;.vc_custom_1637688414109{padding-top: 30px !important;padding-right: 50px !important;padding-bottom: 15px !important;padding-left: 25px !important;}&#8221;] El buen funcionamiento de&#8230;<\/p>\n","protected":false},"author":1,"featured_media":0,"parent":0,"menu_order":0,"comment_status":"closed","ping_status":"closed","template":"full-width.php","meta":{"footnotes":""},"class_list":["post-2471","page","type-page","status-publish","hentry"],"_links":{"self":[{"href":"https:\/\/nextiait.com\/index.php\/wp-json\/wp\/v2\/pages\/2471","targetHints":{"allow":["GET"]}}],"collection":[{"href":"https:\/\/nextiait.com\/index.php\/wp-json\/wp\/v2\/pages"}],"about":[{"href":"https:\/\/nextiait.com\/index.php\/wp-json\/wp\/v2\/types\/page"}],"author":[{"embeddable":true,"href":"https:\/\/nextiait.com\/index.php\/wp-json\/wp\/v2\/users\/1"}],"replies":[{"embeddable":true,"href":"https:\/\/nextiait.com\/index.php\/wp-json\/wp\/v2\/comments?post=2471"}],"version-history":[{"count":217,"href":"https:\/\/nextiait.com\/index.php\/wp-json\/wp\/v2\/pages\/2471\/revisions"}],"predecessor-version":[{"id":5813,"href":"https:\/\/nextiait.com\/index.php\/wp-json\/wp\/v2\/pages\/2471\/revisions\/5813"}],"wp:attachment":[{"href":"https:\/\/nextiait.com\/index.php\/wp-json\/wp\/v2\/media?parent=2471"}],"curies":[{"name":"wp","href":"https:\/\/api.w.org\/{rel}","templated":true}]}}